{"id":18,"date":"2025-05-26T09:19:24","date_gmt":"2025-05-26T09:19:24","guid":{"rendered":"http:\/\/10.1.5.50\/dataservWeb\/?page_id=18"},"modified":"2025-10-22T08:22:03","modified_gmt":"2025-10-22T08:22:03","slug":"solucoes-empresariais","status":"publish","type":"page","link":"https:\/\/dataserv-mz.com\/index.php\/solucoes-empresariais\/","title":{"rendered":"Solu\u00e7\u00f5es Empresariais"},"content":{"rendered":"\t\t<div data-elementor-type=\"wp-page\" data-elementor-id=\"18\" class=\"elementor elementor-18\">\n\t\t\t\t<div class=\"elementor-element elementor-element-e24a94d e-flex e-con-boxed e-con e-parent\" data-id=\"e24a94d\" data-element_type=\"container\" data-settings=\"{&quot;background_background&quot;:&quot;classic&quot;}\">\n\t\t\t\t\t<div class=\"e-con-inner\">\n\t\t\t\t<div class=\"elementor-element elementor-element-af3e9a5 elementor-widget elementor-widget-heading\" data-id=\"af3e9a5\" data-element_type=\"widget\" data-widget_type=\"heading.default\">\n\t\t\t\t<div class=\"elementor-widget-container\">\n\t\t\t\t\t<h2 class=\"elementor-heading-title elementor-size-default\">Solu\u00e7\u00f5es Empresariais<\/h2>\t\t\t\t<\/div>\n\t\t\t\t<\/div>\n\t\t\t\t<div class=\"elementor-element elementor-element-a368e3b elementor-widget-divider--view-line elementor-widget elementor-widget-divider\" data-id=\"a368e3b\" data-element_type=\"widget\" data-widget_type=\"divider.default\">\n\t\t\t\t<div class=\"elementor-widget-container\">\n\t\t\t\t\t\t\t<div class=\"elementor-divider\">\n\t\t\t<span class=\"elementor-divider-separator\">\n\t\t\t\t\t\t<\/span>\n\t\t<\/div>\n\t\t\t\t\t\t<\/div>\n\t\t\t\t<\/div>\n\t\t<div class=\"elementor-element elementor-element-b20c140 e-flex e-con-boxed e-con e-child\" data-id=\"b20c140\" data-element_type=\"container\" data-settings=\"{&quot;background_background&quot;:&quot;classic&quot;}\">\n\t\t\t\t\t<div class=\"e-con-inner\">\n\t\t<div class=\"elementor-element elementor-element-37549bc e-grid e-con-full e-con e-child\" data-id=\"37549bc\" data-element_type=\"container\">\n\t\t<a class=\"elementor-element elementor-element-2399fcd e-con-full e-flex e-con e-child\" data-id=\"2399fcd\" data-element_type=\"container\" href=\"https:\/\/dataserv-mz.com\/index.php\/solucoes-empresariais\/\">\n\t\t\t\t<div class=\"elementor-element elementor-element-27a04a6 elementor-widget elementor-widget-heading\" data-id=\"27a04a6\" data-element_type=\"widget\" data-widget_type=\"heading.default\">\n\t\t\t\t<div class=\"elementor-widget-container\">\n\t\t\t\t\t<h2 class=\"elementor-heading-title elementor-size-default\">Infraestruturas de Datacenter<\/h2>\t\t\t\t<\/div>\n\t\t\t\t<\/div>\n\t\t\t\t<\/a>\n\t\t<a class=\"elementor-element elementor-element-7ce657f e-con-full e-flex e-con e-child\" data-id=\"7ce657f\" data-element_type=\"container\" href=\"https:\/\/dataserv-mz.com\/index.php\/gestao-e-base-de-dados\/\">\n\t\t\t\t<div class=\"elementor-element elementor-element-37aeaaf elementor-widget elementor-widget-heading\" data-id=\"37aeaaf\" data-element_type=\"widget\" data-widget_type=\"heading.default\">\n\t\t\t\t<div class=\"elementor-widget-container\">\n\t\t\t\t\t<h2 class=\"elementor-heading-title elementor-size-default\">Compute e Storage<\/h2>\t\t\t\t<\/div>\n\t\t\t\t<\/div>\n\t\t\t\t<\/a>\n\t\t<a class=\"elementor-element elementor-element-931ee72 e-con-full e-flex e-con e-child\" data-id=\"931ee72\" data-element_type=\"container\" href=\"https:\/\/dataserv-mz.com\/index.php\/gestao-de-impressao\/\">\n\t\t\t\t<div class=\"elementor-element elementor-element-eca722b elementor-widget elementor-widget-heading\" data-id=\"eca722b\" data-element_type=\"widget\" data-widget_type=\"heading.default\">\n\t\t\t\t<div class=\"elementor-widget-container\">\n\t\t\t\t\t<h2 class=\"elementor-heading-title elementor-size-default\">MPS - Gest\u00e3o de Impress\u00e3o<\/h2>\t\t\t\t<\/div>\n\t\t\t\t<\/div>\n\t\t\t\t<\/a>\n\t\t<a class=\"elementor-element elementor-element-5adec64 e-con-full e-flex e-con e-child\" data-id=\"5adec64\" data-element_type=\"container\" href=\"https:\/\/dataserv-mz.com\/index.php\/cloud-computing\/\">\n\t\t\t\t<div class=\"elementor-element elementor-element-f0eaba8 elementor-widget elementor-widget-heading\" data-id=\"f0eaba8\" data-element_type=\"widget\" data-widget_type=\"heading.default\">\n\t\t\t\t<div class=\"elementor-widget-container\">\n\t\t\t\t\t<h2 class=\"elementor-heading-title elementor-size-default\">Co location e Hosting\n<\/h2>\t\t\t\t<\/div>\n\t\t\t\t<\/div>\n\t\t\t\t<\/a>\n\t\t<a class=\"elementor-element elementor-element-7daaffa e-con-full e-flex e-con e-child\" data-id=\"7daaffa\" data-element_type=\"container\" href=\"https:\/\/dataserv-mz.com\/index.php\/infraestrutura-e-redes\/\">\n\t\t\t\t<div class=\"elementor-element elementor-element-9eb5682 elementor-widget elementor-widget-heading\" data-id=\"9eb5682\" data-element_type=\"widget\" data-widget_type=\"heading.default\">\n\t\t\t\t<div class=\"elementor-widget-container\">\n\t\t\t\t\t<h2 class=\"elementor-heading-title elementor-size-default\">Redes e comunica\u00e7\u00f5es unificadas<\/h2>\t\t\t\t<\/div>\n\t\t\t\t<\/div>\n\t\t\t\t<\/a>\n\t\t<a class=\"elementor-element elementor-element-9a333ef e-con-full e-flex e-con e-child\" data-id=\"9a333ef\" data-element_type=\"container\">\n\t\t\t\t<div class=\"elementor-element elementor-element-05326c0 elementor-widget elementor-widget-heading\" data-id=\"05326c0\" data-element_type=\"widget\" data-widget_type=\"heading.default\">\n\t\t\t\t<div class=\"elementor-widget-container\">\n\t\t\t\t\t<h2 class=\"elementor-heading-title elementor-size-default\">Rob\u00f3tica &amp; IA\n<\/h2>\t\t\t\t<\/div>\n\t\t\t\t<\/div>\n\t\t\t\t<\/a>\n\t\t<a class=\"elementor-element elementor-element-c9e4aca e-con-full e-flex e-con e-child\" data-id=\"c9e4aca\" data-element_type=\"container\">\n\t\t\t\t<div class=\"elementor-element elementor-element-3bc447e elementor-widget elementor-widget-heading\" data-id=\"3bc447e\" data-element_type=\"widget\" data-widget_type=\"heading.default\">\n\t\t\t\t<div class=\"elementor-widget-container\">\n\t\t\t\t\t<h2 class=\"elementor-heading-title elementor-size-default\">Sistemas de Gest\u00e3o Empresarial<\/h2>\t\t\t\t<\/div>\n\t\t\t\t<\/div>\n\t\t\t\t<\/a>\n\t\t<a class=\"elementor-element elementor-element-6af05d3 e-con-full e-flex e-con e-child\" data-id=\"6af05d3\" data-element_type=\"container\">\n\t\t\t\t<div class=\"elementor-element elementor-element-733fc04 elementor-widget elementor-widget-heading\" data-id=\"733fc04\" data-element_type=\"widget\" data-widget_type=\"heading.default\">\n\t\t\t\t<div class=\"elementor-widget-container\">\n\t\t\t\t\t<h2 class=\"elementor-heading-title elementor-size-default\">Office e Colabora\u00e7\u00e3o<\/h2>\t\t\t\t<\/div>\n\t\t\t\t<\/div>\n\t\t\t\t<\/a>\n\t\t<a class=\"elementor-element elementor-element-b71f375 e-con-full e-flex e-con e-child\" data-id=\"b71f375\" data-element_type=\"container\" href=\"https:\/\/dataserv-mz.com\/index.php\/seguranca-informatica\/\">\n\t\t\t\t<div class=\"elementor-element elementor-element-c08aee0 elementor-widget elementor-widget-heading\" data-id=\"c08aee0\" data-element_type=\"widget\" data-widget_type=\"heading.default\">\n\t\t\t\t<div class=\"elementor-widget-container\">\n\t\t\t\t\t<h2 class=\"elementor-heading-title elementor-size-default\">Cybersecurity<\/h2>\t\t\t\t<\/div>\n\t\t\t\t<\/div>\n\t\t\t\t<\/a>\n\t\t<a class=\"elementor-element elementor-element-fbe6c91 e-con-full e-flex e-con e-child\" data-id=\"fbe6c91\" data-element_type=\"container\">\n\t\t\t\t<div class=\"elementor-element elementor-element-8155157 elementor-widget elementor-widget-heading\" data-id=\"8155157\" data-element_type=\"widget\" data-widget_type=\"heading.default\">\n\t\t\t\t<div class=\"elementor-widget-container\">\n\t\t\t\t\t<h2 class=\"elementor-heading-title elementor-size-default\">Assist\u00eancia T\u00e9cnica e Helpdesk<\/h2>\t\t\t\t<\/div>\n\t\t\t\t<\/div>\n\t\t\t\t<\/a>\n\t\t\t\t<\/div>\n\t\t\t\t\t<\/div>\n\t\t\t\t<\/div>\n\t\t\t\t\t<\/div>\n\t\t\t\t<\/div>\n\t\t<div class=\"elementor-element elementor-element-e5b4e56 e-flex e-con-boxed e-con e-parent\" data-id=\"e5b4e56\" data-element_type=\"container\">\n\t\t\t\t\t<div class=\"e-con-inner\">\n\t\t<div class=\"elementor-element elementor-element-9744a2b e-con-full e-flex e-con e-child\" data-id=\"9744a2b\" data-element_type=\"container\">\n\t\t<div class=\"elementor-element elementor-element-2130768 e-con-full e-flex e-con e-child\" data-id=\"2130768\" data-element_type=\"container\">\n\t\t\t\t<div class=\"elementor-element elementor-element-0b98977 elementor-widget-divider--view-line elementor-widget elementor-widget-divider\" data-id=\"0b98977\" data-element_type=\"widget\" data-widget_type=\"divider.default\">\n\t\t\t\t<div class=\"elementor-widget-container\">\n\t\t\t\t\t\t\t<div class=\"elementor-divider\">\n\t\t\t<span class=\"elementor-divider-separator\">\n\t\t\t\t\t\t<\/span>\n\t\t<\/div>\n\t\t\t\t\t\t<\/div>\n\t\t\t\t<\/div>\n\t\t\t\t<\/div>\n\t\t<div class=\"elementor-element elementor-element-1c67ec6 e-con-full e-flex e-con e-child\" data-id=\"1c67ec6\" data-element_type=\"container\">\n\t\t\t\t<div class=\"elementor-element elementor-element-2101b66 elementor-widget elementor-widget-heading\" data-id=\"2101b66\" data-element_type=\"widget\" data-widget_type=\"heading.default\">\n\t\t\t\t<div class=\"elementor-widget-container\">\n\t\t\t\t\t<h2 class=\"elementor-heading-title elementor-size-default\">Infraestruturas de Datacenter<\/h2>\t\t\t\t<\/div>\n\t\t\t\t<\/div>\n\t\t\t\t<\/div>\n\t\t<div class=\"elementor-element elementor-element-479882f e-con-full e-flex e-con e-child\" data-id=\"479882f\" data-element_type=\"container\">\n\t\t\t\t<div class=\"elementor-element elementor-element-613f660 elementor-widget-divider--view-line elementor-widget elementor-widget-divider\" data-id=\"613f660\" data-element_type=\"widget\" data-widget_type=\"divider.default\">\n\t\t\t\t<div class=\"elementor-widget-container\">\n\t\t\t\t\t\t\t<div class=\"elementor-divider\">\n\t\t\t<span class=\"elementor-divider-separator\">\n\t\t\t\t\t\t<\/span>\n\t\t<\/div>\n\t\t\t\t\t\t<\/div>\n\t\t\t\t<\/div>\n\t\t\t\t<\/div>\n\t\t\t\t<\/div>\n\t\t<div class=\"elementor-element elementor-element-3387411 e-con-full e-flex e-con e-child\" data-id=\"3387411\" data-element_type=\"container\">\n\t\t<div class=\"elementor-element elementor-element-8503c3a e-con-full e-flex e-con e-child\" data-id=\"8503c3a\" data-element_type=\"container\" data-settings=\"{&quot;background_background&quot;:&quot;classic&quot;}\">\n\t\t\t\t<\/div>\n\t\t<div class=\"elementor-element elementor-element-500e91c e-con-full e-flex e-con e-child\" data-id=\"500e91c\" data-element_type=\"container\">\n\t\t\t\t<div class=\"elementor-element elementor-element-8a8fef6 elementor-widget elementor-widget-text-editor\" data-id=\"8a8fef6\" data-element_type=\"widget\" data-widget_type=\"text-editor.default\">\n\t\t\t\t<div class=\"elementor-widget-container\">\n\t\t\t\t\t\t\t\t\t<p>Solu\u00e7\u00f5es empresariais de infraestruturas de datacenter da Dataserv garantem maior automa\u00e7\u00e3o e capacidade de resposta na entrega de servi\u00e7os de neg\u00f3cios.<\/p><p>Servidores, armazenamento, rede, gerenciamento, servi\u00e7os seguros e \u00e1geis que oferecem uma experi\u00eancia consistente e controle econ\u00f4mico em toda a experi\u00eancia de infraestrutura de Datacenter e em cloud.<\/p>\t\t\t\t\t\t\t\t<\/div>\n\t\t\t\t<\/div>\n\t\t\t\t<div class=\"elementor-element elementor-element-ad1a48e elementor-widget elementor-widget-text-editor\" data-id=\"ad1a48e\" data-element_type=\"widget\" data-widget_type=\"text-editor.default\">\n\t\t\t\t<div class=\"elementor-widget-container\">\n\t\t\t\t\t\t\t\t\t<p class=\"p1\"><b>Oferecemos os seguintes servi\u00e7os:<\/b><\/p>\t\t\t\t\t\t\t\t<\/div>\n\t\t\t\t<\/div>\n\t\t\t\t<div class=\"elementor-element elementor-element-5d0249f elementor-widget elementor-widget-text-editor\" data-id=\"5d0249f\" data-element_type=\"widget\" data-widget_type=\"text-editor.default\">\n\t\t\t\t<div class=\"elementor-widget-container\">\n\t\t\t\t\t\t\t\t\t<ul><li>Projetos de constru\u00e7\u00e3o e remodela\u00e7\u00e3o salas de inform\u00e1tica<\/li><li>Monitoriza\u00e7\u00e3o e controlo de acessos<\/li><li>Energia<\/li><li>AVAC<\/li><li>HOUSING SERVICES:<\/li><\/ul>\t\t\t\t\t\t\t\t<\/div>\n\t\t\t\t<\/div>\n\t\t\t\t<div class=\"elementor-element elementor-element-2ba24e3 elementor-widget elementor-widget-text-editor\" data-id=\"2ba24e3\" data-element_type=\"widget\" data-widget_type=\"text-editor.default\">\n\t\t\t\t<div class=\"elementor-widget-container\">\n\t\t\t\t\t\t\t\t\t<p class=\"p2\">Alojamento de Racks<\/p><p class=\"p2\">Alojamento de Servidores em Rack Partilhado<\/p>\t\t\t\t\t\t\t\t<\/div>\n\t\t\t\t<\/div>\n\t\t\t\t<div class=\"elementor-element elementor-element-6fb03e0 elementor-widget elementor-widget-text-editor\" data-id=\"6fb03e0\" data-element_type=\"widget\" data-widget_type=\"text-editor.default\">\n\t\t\t\t<div class=\"elementor-widget-container\">\n\t\t\t\t\t\t\t\t\t<ul><li class=\"p1\">INFRASTRUCTURE AS A SERVICE (IaaS)<\/li><\/ul>\t\t\t\t\t\t\t\t<\/div>\n\t\t\t\t<\/div>\n\t\t\t\t<div class=\"elementor-element elementor-element-f7ccff9 elementor-widget elementor-widget-text-editor\" data-id=\"f7ccff9\" data-element_type=\"widget\" data-widget_type=\"text-editor.default\">\n\t\t\t\t<div class=\"elementor-widget-container\">\n\t\t\t\t\t\t\t\t\t<p class=\"p1\">Aluguer de Servidores com diferentes capacidades para:<\/p>\t\t\t\t\t\t\t\t<\/div>\n\t\t\t\t<\/div>\n\t\t\t\t<div class=\"elementor-element elementor-element-d776895 elementor-widget elementor-widget-text-editor\" data-id=\"d776895\" data-element_type=\"widget\" data-widget_type=\"text-editor.default\">\n\t\t\t\t<div class=\"elementor-widget-container\">\n\t\t\t\t\t\t\t\t\t<p class=\"p1\">Ambientes de produ\u00e7\u00e3o, disaster recovery, testes, migra\u00e7\u00e3o<\/p>\t\t\t\t\t\t\t\t<\/div>\n\t\t\t\t<\/div>\n\t\t\t\t<\/div>\n\t\t\t\t<\/div>\n\t\t\t\t\t<\/div>\n\t\t\t\t<\/div>\n\t\t<div class=\"elementor-element elementor-element-32c5d21 e-flex e-con-boxed e-con e-parent\" data-id=\"32c5d21\" data-element_type=\"container\">\n\t\t\t\t\t<div class=\"e-con-inner\">\n\t\t<div class=\"elementor-element elementor-element-95c1ce8 e-con-full e-flex e-con e-child\" data-id=\"95c1ce8\" data-element_type=\"container\">\n\t\t\t\t<div class=\"elementor-element elementor-element-d5bcda9 elementor-widget elementor-widget-heading\" data-id=\"d5bcda9\" data-element_type=\"widget\" data-widget_type=\"heading.default\">\n\t\t\t\t<div class=\"elementor-widget-container\">\n\t\t\t\t\t<h2 class=\"elementor-heading-title elementor-size-default\">Parceiro estrat\u00e9gicos<\/h2>\t\t\t\t<\/div>\n\t\t\t\t<\/div>\n\t\t\t\t<\/div>\n\t\t<div class=\"elementor-element elementor-element-107c276 e-con-full e-flex e-con e-child\" data-id=\"107c276\" data-element_type=\"container\">\n\t\t<div class=\"elementor-element elementor-element-6d83092 e-grid e-con-full e-con e-child\" data-id=\"6d83092\" data-element_type=\"container\">\n\t\t<div class=\"elementor-element elementor-element-7c26ff9 e-con-full e-flex e-con e-child\" data-id=\"7c26ff9\" data-element_type=\"container\">\n\t\t\t\t<\/div>\n\t\t\t\t<div class=\"elementor-element elementor-element-4bd93e1 elementor-widget elementor-widget-image\" data-id=\"4bd93e1\" data-element_type=\"widget\" data-widget_type=\"image.default\">\n\t\t\t\t<div class=\"elementor-widget-container\">\n\t\t\t\t\t\t\t\t\t\t\t\t\t\t\t<img decoding=\"async\" src=\"https:\/\/download.logo.wine\/logo\/APC_by_Schneider_Electric\/APC_by_Schneider_Electric-Logo.wine.png\" title=\"\" alt=\"\" loading=\"lazy\" \/>\t\t\t\t\t\t\t\t\t\t\t\t\t\t\t<\/div>\n\t\t\t\t<\/div>\n\t\t\t\t<div class=\"elementor-element elementor-element-3e035ae elementor-widget elementor-widget-image\" data-id=\"3e035ae\" data-element_type=\"widget\" data-widget_type=\"image.default\">\n\t\t\t\t<div class=\"elementor-widget-container\">\n\t\t\t\t\t\t\t\t\t\t\t\t\t\t\t<img decoding=\"async\" src=\"https:\/\/upload.wikimedia.org\/wikipedia\/commons\/thumb\/4\/46\/Hewlett_Packard_Enterprise_logo.svg\/1200px-Hewlett_Packard_Enterprise_logo.svg.png\" title=\"\" alt=\"\" loading=\"lazy\" \/>\t\t\t\t\t\t\t\t\t\t\t\t\t\t\t<\/div>\n\t\t\t\t<\/div>\n\t\t\t\t<\/div>\n\t\t\t\t<\/div>\n\t\t\t\t\t<\/div>\n\t\t\t\t<\/div>\n\t\t\t\t<\/div>\n\t\t","protected":false},"excerpt":{"rendered":"<p>Solu\u00e7\u00f5es Empresariais Infraestruturas de Datacenter Compute e Storage MPS &#8211; Gest\u00e3o de Impress\u00e3o Co location e Hosting Redes e comunica\u00e7\u00f5es unificadas Rob\u00f3tica &#038; IA Sistemas de Gest\u00e3o Empresarial Office e Colabora\u00e7\u00e3o Cybersecurity Assist\u00eancia T\u00e9cnica e Helpdesk Infraestruturas de Datacenter Solu\u00e7\u00f5es empresariais de infraestruturas de datacenter da Dataserv garantem maior automa\u00e7\u00e3o e capacidade de resposta na [&hellip;]<\/p>\n","protected":false},"author":1,"featured_media":0,"parent":0,"menu_order":0,"comment_status":"closed","ping_status":"closed","template":"","meta":{"footnotes":""},"class_list":["post-18","page","type-page","status-publish","hentry"],"_links":{"self":[{"href":"https:\/\/dataserv-mz.com\/index.php\/wp-json\/wp\/v2\/pages\/18","targetHints":{"allow":["GET"]}}],"collection":[{"href":"https:\/\/dataserv-mz.com\/index.php\/wp-json\/wp\/v2\/pages"}],"about":[{"href":"https:\/\/dataserv-mz.com\/index.php\/wp-json\/wp\/v2\/types\/page"}],"author":[{"embeddable":true,"href":"https:\/\/dataserv-mz.com\/index.php\/wp-json\/wp\/v2\/users\/1"}],"replies":[{"embeddable":true,"href":"https:\/\/dataserv-mz.com\/index.php\/wp-json\/wp\/v2\/comments?post=18"}],"version-history":[{"count":259,"href":"https:\/\/dataserv-mz.com\/index.php\/wp-json\/wp\/v2\/pages\/18\/revisions"}],"predecessor-version":[{"id":3145,"href":"https:\/\/dataserv-mz.com\/index.php\/wp-json\/wp\/v2\/pages\/18\/revisions\/3145"}],"wp:attachment":[{"href":"https:\/\/dataserv-mz.com\/index.php\/wp-json\/wp\/v2\/media?parent=18"}],"curies":[{"name":"wp","href":"https:\/\/api.w.org\/{rel}","templated":true}]}}