{"id":20,"date":"2025-05-26T09:19:44","date_gmt":"2025-05-26T09:19:44","guid":{"rendered":"http:\/\/10.1.5.50\/dataservWeb\/?page_id=20"},"modified":"2025-10-22T09:09:04","modified_gmt":"2025-10-22T09:09:04","slug":"servicos","status":"publish","type":"page","link":"https:\/\/dataserv-mz.com\/index.php\/servicos\/","title":{"rendered":"Servi\u00e7os"},"content":{"rendered":"\t\t<div data-elementor-type=\"wp-page\" data-elementor-id=\"20\" class=\"elementor elementor-20\">\n\t\t\t\t<div class=\"elementor-element elementor-element-0657b34 e-flex e-con-boxed e-con e-parent\" data-id=\"0657b34\" data-element_type=\"container\" data-settings=\"{&quot;background_background&quot;:&quot;classic&quot;}\">\n\t\t\t\t\t<div class=\"e-con-inner\">\n\t\t\t\t<div class=\"elementor-element elementor-element-9528eed elementor-widget elementor-widget-heading\" data-id=\"9528eed\" data-element_type=\"widget\" data-widget_type=\"heading.default\">\n\t\t\t\t<div class=\"elementor-widget-container\">\n\t\t\t\t\t<h2 class=\"elementor-heading-title elementor-size-default\">Servi\u00e7os<\/h2>\t\t\t\t<\/div>\n\t\t\t\t<\/div>\n\t\t\t\t<div class=\"elementor-element elementor-element-4dac1e9 elementor-widget-divider--view-line elementor-widget elementor-widget-divider\" data-id=\"4dac1e9\" data-element_type=\"widget\" data-widget_type=\"divider.default\">\n\t\t\t\t<div class=\"elementor-widget-container\">\n\t\t\t\t\t\t\t<div class=\"elementor-divider\">\n\t\t\t<span class=\"elementor-divider-separator\">\n\t\t\t\t\t\t<\/span>\n\t\t<\/div>\n\t\t\t\t\t\t<\/div>\n\t\t\t\t<\/div>\n\t\t<div class=\"elementor-element elementor-element-0e57714 e-flex e-con-boxed e-con e-child\" data-id=\"0e57714\" data-element_type=\"container\" data-settings=\"{&quot;background_background&quot;:&quot;classic&quot;}\">\n\t\t\t\t\t<div class=\"e-con-inner\">\n\t\t<div class=\"elementor-element elementor-element-a8dfc12 e-grid e-con-full e-con e-child\" data-id=\"a8dfc12\" data-element_type=\"container\">\n\t\t<a class=\"elementor-element elementor-element-d2ffd9e e-con-full e-flex e-con e-child\" data-id=\"d2ffd9e\" data-element_type=\"container\">\n\t\t\t\t<div class=\"elementor-element elementor-element-d8169a7 elementor-widget elementor-widget-heading\" data-id=\"d8169a7\" data-element_type=\"widget\" data-widget_type=\"heading.default\">\n\t\t\t\t<div class=\"elementor-widget-container\">\n\t\t\t\t\t<h2 class=\"elementor-heading-title elementor-size-default\">Consultoria\n<\/h2>\t\t\t\t<\/div>\n\t\t\t\t<\/div>\n\t\t\t\t<\/a>\n\t\t<a class=\"elementor-element elementor-element-b5243ed e-con-full e-flex e-con e-child\" data-id=\"b5243ed\" data-element_type=\"container\">\n\t\t\t\t<div class=\"elementor-element elementor-element-7091195 elementor-widget elementor-widget-heading\" data-id=\"7091195\" data-element_type=\"widget\" data-widget_type=\"heading.default\">\n\t\t\t\t<div class=\"elementor-widget-container\">\n\t\t\t\t\t<h2 class=\"elementor-heading-title elementor-size-default\">Implementa\u00e7\u00e3o de sistemas<\/h2>\t\t\t\t<\/div>\n\t\t\t\t<\/div>\n\t\t\t\t<\/a>\n\t\t<a class=\"elementor-element elementor-element-d1d8640 e-con-full e-flex e-con e-child\" data-id=\"d1d8640\" data-element_type=\"container\">\n\t\t\t\t<div class=\"elementor-element elementor-element-8d7ad89 elementor-widget elementor-widget-heading\" data-id=\"8d7ad89\" data-element_type=\"widget\" data-widget_type=\"heading.default\">\n\t\t\t\t<div class=\"elementor-widget-container\">\n\t\t\t\t\t<h2 class=\"elementor-heading-title elementor-size-default\">Outsourcing<\/h2>\t\t\t\t<\/div>\n\t\t\t\t<\/div>\n\t\t\t\t<\/a>\n\t\t<a class=\"elementor-element elementor-element-7d8956c e-con-full e-flex e-con e-child\" data-id=\"7d8956c\" data-element_type=\"container\">\n\t\t\t\t<div class=\"elementor-element elementor-element-484e7d4 elementor-widget elementor-widget-heading\" data-id=\"484e7d4\" data-element_type=\"widget\" data-widget_type=\"heading.default\">\n\t\t\t\t<div class=\"elementor-widget-container\">\n\t\t\t\t\t<h2 class=\"elementor-heading-title elementor-size-default\">Centro de Repara\u00e7\u00e3o<\/h2>\t\t\t\t<\/div>\n\t\t\t\t<\/div>\n\t\t\t\t<\/a>\n\t\t<a class=\"elementor-element elementor-element-a138e60 e-con-full e-flex e-con e-child\" data-id=\"a138e60\" data-element_type=\"container\">\n\t\t\t\t<div class=\"elementor-element elementor-element-13cdfab elementor-widget elementor-widget-heading\" data-id=\"13cdfab\" data-element_type=\"widget\" data-widget_type=\"heading.default\">\n\t\t\t\t<div class=\"elementor-widget-container\">\n\t\t\t\t\t<h2 class=\"elementor-heading-title elementor-size-default\">P\u00f3s Venda<\/h2>\t\t\t\t<\/div>\n\t\t\t\t<\/div>\n\t\t\t\t<\/a>\n\t\t<a class=\"elementor-element elementor-element-1bb8fce e-con-full e-flex e-con e-child\" data-id=\"1bb8fce\" data-element_type=\"container\">\n\t\t\t\t<div class=\"elementor-element elementor-element-53be266 elementor-widget elementor-widget-heading\" data-id=\"53be266\" data-element_type=\"widget\" data-widget_type=\"heading.default\">\n\t\t\t\t<div class=\"elementor-widget-container\">\n\t\t\t\t\t<h2 class=\"elementor-heading-title elementor-size-default\">Extens\u00f5es de Suporte e Garantia<\/h2>\t\t\t\t<\/div>\n\t\t\t\t<\/div>\n\t\t\t\t<\/a>\n\t\t<a class=\"elementor-element elementor-element-082793a e-con-full e-flex e-con e-child\" data-id=\"082793a\" data-element_type=\"container\">\n\t\t\t\t<div class=\"elementor-element elementor-element-97eee64 elementor-widget elementor-widget-heading\" data-id=\"97eee64\" data-element_type=\"widget\" data-widget_type=\"heading.default\">\n\t\t\t\t<div class=\"elementor-widget-container\">\n\t\t\t\t\t<h2 class=\"elementor-heading-title elementor-size-default\">Contratos de manunten\u00e7\u00e3o<\/h2>\t\t\t\t<\/div>\n\t\t\t\t<\/div>\n\t\t\t\t<\/a>\n\t\t<a class=\"elementor-element elementor-element-1e0e729 e-con-full e-flex e-con e-child\" data-id=\"1e0e729\" data-element_type=\"container\">\n\t\t\t\t<div class=\"elementor-element elementor-element-529e14c elementor-widget elementor-widget-heading\" data-id=\"529e14c\" data-element_type=\"widget\" data-widget_type=\"heading.default\">\n\t\t\t\t<div class=\"elementor-widget-container\">\n\t\t\t\t\t<h2 class=\"elementor-heading-title elementor-size-default\">Forma\u00e7\u00e3o<\/h2>\t\t\t\t<\/div>\n\t\t\t\t<\/div>\n\t\t\t\t<\/a>\n\t\t<a class=\"elementor-element elementor-element-83d2fa1 e-con-full e-flex e-con e-child\" data-id=\"83d2fa1\" data-element_type=\"container\">\n\t\t\t\t<div class=\"elementor-element elementor-element-034c452 elementor-widget elementor-widget-heading\" data-id=\"034c452\" data-element_type=\"widget\" data-widget_type=\"heading.default\">\n\t\t\t\t<div class=\"elementor-widget-container\">\n\t\t\t\t\t<h2 class=\"elementor-heading-title elementor-size-default\">Helpdesk e Monitoria<\/h2>\t\t\t\t<\/div>\n\t\t\t\t<\/div>\n\t\t\t\t<\/a>\n\t\t\t\t<\/div>\n\t\t\t\t\t<\/div>\n\t\t\t\t<\/div>\n\t\t\t\t\t<\/div>\n\t\t\t\t<\/div>\n\t\t\t\t<\/div>\n\t\t","protected":false},"excerpt":{"rendered":"<p>Servi\u00e7os Consultoria Implementa\u00e7\u00e3o de sistemas Outsourcing Centro de Repara\u00e7\u00e3o P\u00f3s Venda Extens\u00f5es de Suporte e Garantia Contratos de manunten\u00e7\u00e3o Forma\u00e7\u00e3o Helpdesk e Monitoria<\/p>\n","protected":false},"author":1,"featured_media":0,"parent":0,"menu_order":0,"comment_status":"closed","ping_status":"closed","template":"","meta":{"footnotes":""},"class_list":["post-20","page","type-page","status-publish","hentry"],"_links":{"self":[{"href":"https:\/\/dataserv-mz.com\/index.php\/wp-json\/wp\/v2\/pages\/20","targetHints":{"allow":["GET"]}}],"collection":[{"href":"https:\/\/dataserv-mz.com\/index.php\/wp-json\/wp\/v2\/pages"}],"about":[{"href":"https:\/\/dataserv-mz.com\/index.php\/wp-json\/wp\/v2\/types\/page"}],"author":[{"embeddable":true,"href":"https:\/\/dataserv-mz.com\/index.php\/wp-json\/wp\/v2\/users\/1"}],"replies":[{"embeddable":true,"href":"https:\/\/dataserv-mz.com\/index.php\/wp-json\/wp\/v2\/comments?post=20"}],"version-history":[{"count":34,"href":"https:\/\/dataserv-mz.com\/index.php\/wp-json\/wp\/v2\/pages\/20\/revisions"}],"predecessor-version":[{"id":3208,"href":"https:\/\/dataserv-mz.com\/index.php\/wp-json\/wp\/v2\/pages\/20\/revisions\/3208"}],"wp:attachment":[{"href":"https:\/\/dataserv-mz.com\/index.php\/wp-json\/wp\/v2\/media?parent=20"}],"curies":[{"name":"wp","href":"https:\/\/api.w.org\/{rel}","templated":true}]}}