{"id":637,"date":"2025-05-30T12:11:16","date_gmt":"2025-05-30T12:11:16","guid":{"rendered":"http:\/\/10.1.5.50\/dataservWeb\/?page_id=637"},"modified":"2025-10-22T08:48:27","modified_gmt":"2025-10-22T08:48:27","slug":"cloud-computing","status":"publish","type":"page","link":"https:\/\/dataserv-mz.com\/index.php\/cloud-computing\/","title":{"rendered":"Cloud Computing"},"content":{"rendered":"\t\t<div data-elementor-type=\"wp-page\" data-elementor-id=\"637\" class=\"elementor elementor-637\">\n\t\t\t\t<div class=\"elementor-element elementor-element-c94a816 e-flex e-con-boxed e-con e-parent\" data-id=\"c94a816\" data-element_type=\"container\" data-settings=\"{&quot;background_background&quot;:&quot;classic&quot;}\">\n\t\t\t\t\t<div class=\"e-con-inner\">\n\t\t\t\t<div class=\"elementor-element elementor-element-60a5749 elementor-widget elementor-widget-heading\" data-id=\"60a5749\" data-element_type=\"widget\" data-widget_type=\"heading.default\">\n\t\t\t\t<div class=\"elementor-widget-container\">\n\t\t\t\t\t<h2 class=\"elementor-heading-title elementor-size-default\">Solu\u00e7\u00f5es Empresariais<\/h2>\t\t\t\t<\/div>\n\t\t\t\t<\/div>\n\t\t\t\t<div class=\"elementor-element elementor-element-4e2b261 elementor-widget-divider--view-line elementor-widget elementor-widget-divider\" data-id=\"4e2b261\" data-element_type=\"widget\" data-widget_type=\"divider.default\">\n\t\t\t\t<div class=\"elementor-widget-container\">\n\t\t\t\t\t\t\t<div class=\"elementor-divider\">\n\t\t\t<span class=\"elementor-divider-separator\">\n\t\t\t\t\t\t<\/span>\n\t\t<\/div>\n\t\t\t\t\t\t<\/div>\n\t\t\t\t<\/div>\n\t\t<div class=\"elementor-element elementor-element-8adb897 e-con-full e-flex e-con e-child\" data-id=\"8adb897\" data-element_type=\"container\" data-settings=\"{&quot;background_background&quot;:&quot;classic&quot;}\">\n\t\t<div class=\"elementor-element elementor-element-cf61d97 e-grid e-con-full e-con e-child\" data-id=\"cf61d97\" data-element_type=\"container\">\n\t\t<a class=\"elementor-element elementor-element-a71f8e4 e-con-full e-flex e-con e-child\" data-id=\"a71f8e4\" data-element_type=\"container\" href=\"https:\/\/dataserv-mz.com\/index.php\/solucoes-empresariais\/\">\n\t\t\t\t<div class=\"elementor-element elementor-element-a0f8679 elementor-widget elementor-widget-heading\" data-id=\"a0f8679\" data-element_type=\"widget\" data-widget_type=\"heading.default\">\n\t\t\t\t<div class=\"elementor-widget-container\">\n\t\t\t\t\t<h2 class=\"elementor-heading-title elementor-size-default\">Infraestruturas de Datacenter<\/h2>\t\t\t\t<\/div>\n\t\t\t\t<\/div>\n\t\t\t\t<\/a>\n\t\t<a class=\"elementor-element elementor-element-c38d698 e-con-full e-flex e-con e-child\" data-id=\"c38d698\" data-element_type=\"container\" href=\"https:\/\/dataserv-mz.com\/index.php\/gestao-e-base-de-dados\/\">\n\t\t\t\t<div class=\"elementor-element elementor-element-d8e4f17 elementor-widget elementor-widget-heading\" data-id=\"d8e4f17\" data-element_type=\"widget\" data-widget_type=\"heading.default\">\n\t\t\t\t<div class=\"elementor-widget-container\">\n\t\t\t\t\t<h2 class=\"elementor-heading-title elementor-size-default\">Compute e Storage<\/h2>\t\t\t\t<\/div>\n\t\t\t\t<\/div>\n\t\t\t\t<\/a>\n\t\t<a class=\"elementor-element elementor-element-a45d197 e-con-full e-flex e-con e-child\" data-id=\"a45d197\" data-element_type=\"container\" href=\"https:\/\/dataserv-mz.com\/index.php\/gestao-de-impressao\/\">\n\t\t\t\t<div class=\"elementor-element elementor-element-302ea89 elementor-widget elementor-widget-heading\" data-id=\"302ea89\" data-element_type=\"widget\" data-widget_type=\"heading.default\">\n\t\t\t\t<div class=\"elementor-widget-container\">\n\t\t\t\t\t<h2 class=\"elementor-heading-title elementor-size-default\">MPS - Gest\u00e3o de Impress\u00e3o<\/h2>\t\t\t\t<\/div>\n\t\t\t\t<\/div>\n\t\t\t\t<\/a>\n\t\t<a class=\"elementor-element elementor-element-d1f7288 e-con-full e-flex e-con e-child\" data-id=\"d1f7288\" data-element_type=\"container\" href=\"https:\/\/dataserv-mz.com\/index.php\/cloud-computing\/\">\n\t\t\t\t<div class=\"elementor-element elementor-element-86768ac elementor-widget elementor-widget-heading\" data-id=\"86768ac\" data-element_type=\"widget\" data-widget_type=\"heading.default\">\n\t\t\t\t<div class=\"elementor-widget-container\">\n\t\t\t\t\t<h2 class=\"elementor-heading-title elementor-size-default\">Co location e Hosting\n<\/h2>\t\t\t\t<\/div>\n\t\t\t\t<\/div>\n\t\t\t\t<\/a>\n\t\t<a class=\"elementor-element elementor-element-261518e e-con-full e-flex e-con e-child\" data-id=\"261518e\" data-element_type=\"container\" href=\"https:\/\/dataserv-mz.com\/index.php\/infraestrutura-e-redes\/\">\n\t\t\t\t<div class=\"elementor-element elementor-element-07c64f4 elementor-widget elementor-widget-heading\" data-id=\"07c64f4\" data-element_type=\"widget\" data-widget_type=\"heading.default\">\n\t\t\t\t<div class=\"elementor-widget-container\">\n\t\t\t\t\t<h2 class=\"elementor-heading-title elementor-size-default\">Redes e comunica\u00e7\u00f5es unificadas<\/h2>\t\t\t\t<\/div>\n\t\t\t\t<\/div>\n\t\t\t\t<\/a>\n\t\t<a class=\"elementor-element elementor-element-ff8103b e-con-full e-flex e-con e-child\" data-id=\"ff8103b\" data-element_type=\"container\">\n\t\t\t\t<div class=\"elementor-element elementor-element-975422d elementor-widget elementor-widget-heading\" data-id=\"975422d\" data-element_type=\"widget\" data-widget_type=\"heading.default\">\n\t\t\t\t<div class=\"elementor-widget-container\">\n\t\t\t\t\t<h2 class=\"elementor-heading-title elementor-size-default\">Rob\u00f3tica &amp; IA\n<\/h2>\t\t\t\t<\/div>\n\t\t\t\t<\/div>\n\t\t\t\t<\/a>\n\t\t<a class=\"elementor-element elementor-element-0ced0cc e-con-full e-flex e-con e-child\" data-id=\"0ced0cc\" data-element_type=\"container\">\n\t\t\t\t<div class=\"elementor-element elementor-element-62487bf elementor-widget elementor-widget-heading\" data-id=\"62487bf\" data-element_type=\"widget\" data-widget_type=\"heading.default\">\n\t\t\t\t<div class=\"elementor-widget-container\">\n\t\t\t\t\t<h2 class=\"elementor-heading-title elementor-size-default\">Sistemas de Gest\u00e3o Empresarial<\/h2>\t\t\t\t<\/div>\n\t\t\t\t<\/div>\n\t\t\t\t<\/a>\n\t\t<a class=\"elementor-element elementor-element-328612b e-con-full e-flex e-con e-child\" data-id=\"328612b\" data-element_type=\"container\">\n\t\t\t\t<div class=\"elementor-element elementor-element-9604c18 elementor-widget elementor-widget-heading\" data-id=\"9604c18\" data-element_type=\"widget\" data-widget_type=\"heading.default\">\n\t\t\t\t<div class=\"elementor-widget-container\">\n\t\t\t\t\t<h2 class=\"elementor-heading-title elementor-size-default\">Office e Colabora\u00e7\u00e3o<\/h2>\t\t\t\t<\/div>\n\t\t\t\t<\/div>\n\t\t\t\t<\/a>\n\t\t<a class=\"elementor-element elementor-element-04be5f4 e-con-full e-flex e-con e-child\" data-id=\"04be5f4\" data-element_type=\"container\" href=\"https:\/\/dataserv-mz.com\/index.php\/seguranca-informatica\/\">\n\t\t\t\t<div class=\"elementor-element elementor-element-c518e6a elementor-widget elementor-widget-heading\" data-id=\"c518e6a\" data-element_type=\"widget\" data-widget_type=\"heading.default\">\n\t\t\t\t<div class=\"elementor-widget-container\">\n\t\t\t\t\t<h2 class=\"elementor-heading-title elementor-size-default\">Cybersecurity<\/h2>\t\t\t\t<\/div>\n\t\t\t\t<\/div>\n\t\t\t\t<\/a>\n\t\t<a class=\"elementor-element elementor-element-18f6a9b e-con-full e-flex e-con e-child\" data-id=\"18f6a9b\" data-element_type=\"container\">\n\t\t\t\t<div class=\"elementor-element elementor-element-e9368e6 elementor-widget elementor-widget-heading\" data-id=\"e9368e6\" data-element_type=\"widget\" data-widget_type=\"heading.default\">\n\t\t\t\t<div class=\"elementor-widget-container\">\n\t\t\t\t\t<h2 class=\"elementor-heading-title elementor-size-default\">Assist\u00eancia T\u00e9cnica e Helpdesk<\/h2>\t\t\t\t<\/div>\n\t\t\t\t<\/div>\n\t\t\t\t<\/a>\n\t\t\t\t<\/div>\n\t\t\t\t<\/div>\n\t\t\t\t\t<\/div>\n\t\t\t\t<\/div>\n\t\t<div class=\"elementor-element elementor-element-ab6cb58 e-flex e-con-boxed e-con e-parent\" data-id=\"ab6cb58\" data-element_type=\"container\">\n\t\t\t\t\t<div class=\"e-con-inner\">\n\t\t<div class=\"elementor-element elementor-element-0191b87 e-con-full e-flex e-con e-child\" data-id=\"0191b87\" data-element_type=\"container\">\n\t\t\t\t<div class=\"elementor-element elementor-element-ad39498 elementor-widget-divider--view-line elementor-widget elementor-widget-divider\" data-id=\"ad39498\" data-element_type=\"widget\" data-widget_type=\"divider.default\">\n\t\t\t\t<div class=\"elementor-widget-container\">\n\t\t\t\t\t\t\t<div class=\"elementor-divider\">\n\t\t\t<span class=\"elementor-divider-separator\">\n\t\t\t\t\t\t<\/span>\n\t\t<\/div>\n\t\t\t\t\t\t<\/div>\n\t\t\t\t<\/div>\n\t\t\t\t<\/div>\n\t\t<div class=\"elementor-element elementor-element-430015d e-con-full e-flex e-con e-child\" data-id=\"430015d\" data-element_type=\"container\">\n\t\t\t\t<div class=\"elementor-element elementor-element-29b0d1e elementor-widget elementor-widget-heading\" data-id=\"29b0d1e\" data-element_type=\"widget\" data-widget_type=\"heading.default\">\n\t\t\t\t<div class=\"elementor-widget-container\">\n\t\t\t\t\t<h2 class=\"elementor-heading-title elementor-size-default\">Co location e Hosting\n<\/h2>\t\t\t\t<\/div>\n\t\t\t\t<\/div>\n\t\t\t\t<\/div>\n\t\t<div class=\"elementor-element elementor-element-8c9a119 e-con-full e-flex e-con e-child\" data-id=\"8c9a119\" data-element_type=\"container\">\n\t\t\t\t<div class=\"elementor-element elementor-element-fd32965 elementor-widget-divider--view-line elementor-widget elementor-widget-divider\" data-id=\"fd32965\" data-element_type=\"widget\" data-widget_type=\"divider.default\">\n\t\t\t\t<div class=\"elementor-widget-container\">\n\t\t\t\t\t\t\t<div class=\"elementor-divider\">\n\t\t\t<span class=\"elementor-divider-separator\">\n\t\t\t\t\t\t<\/span>\n\t\t<\/div>\n\t\t\t\t\t\t<\/div>\n\t\t\t\t<\/div>\n\t\t\t\t<\/div>\n\t\t\t\t\t<\/div>\n\t\t\t\t<\/div>\n\t\t<div class=\"elementor-element elementor-element-07419d6 e-flex e-con-boxed e-con e-parent\" data-id=\"07419d6\" data-element_type=\"container\">\n\t\t\t\t\t<div class=\"e-con-inner\">\n\t\t<div class=\"elementor-element elementor-element-efd3730 e-con-full e-flex e-con e-child\" data-id=\"efd3730\" data-element_type=\"container\" data-settings=\"{&quot;background_background&quot;:&quot;classic&quot;}\">\n\t\t\t\t<\/div>\n\t\t<div class=\"elementor-element elementor-element-37cf5bb e-con-full e-flex e-con e-child\" data-id=\"37cf5bb\" data-element_type=\"container\">\n\t\t\t\t<div class=\"elementor-element elementor-element-6bdb3e2 elementor-widget elementor-widget-text-editor\" data-id=\"6bdb3e2\" data-element_type=\"widget\" data-widget_type=\"text-editor.default\">\n\t\t\t\t<div class=\"elementor-widget-container\">\n\t\t\t\t\t\t\t\t\t<p>Co location e Hosting permite acesso a uma rede de servidores remotos hospedados na Internet para armazenar, gerir e processar dados, ao inv\u00e9s de um servidor local ou um computador pessoal.<\/p><p>\u00a0<\/p><p>A Dataserv orgulha-se da sua versatilidade em atender as diversas necessidades de TI dos clientes no mercado e tem como parceiros, algumas das maiores e mais bem-sucedidas empresas de TI do mundo para distribuir seus produtos e servi\u00e7os.<\/p><p>\u00a0<\/p><p>Oferecemos os seguintes servi\u00e7os:<\/p><p>&#8211; Microsoft Office 360<br \/>&#8211; Private Cloud<br \/>&#8211; Housing de Servidores<br \/>&#8211; Hosting Aplicacional<\/p><p>\u00a0<\/p><p><b>Vantagem de Co location e Hosting:<\/b><\/p><p>Aceder a dados importantes desde qualquer computador, em qualquer lugar.<\/p>\t\t\t\t\t\t\t\t<\/div>\n\t\t\t\t<\/div>\n\t\t\t\t<\/div>\n\t\t\t\t\t<\/div>\n\t\t\t\t<\/div>\n\t\t<div class=\"elementor-element elementor-element-06f3300 e-flex e-con-boxed e-con e-parent\" data-id=\"06f3300\" data-element_type=\"container\" data-settings=\"{&quot;background_background&quot;:&quot;classic&quot;}\">\n\t\t\t\t\t<div class=\"e-con-inner\">\n\t\t<div class=\"elementor-element elementor-element-5370902 e-con-full e-flex e-con e-child\" data-id=\"5370902\" data-element_type=\"container\">\n\t\t\t\t<div class=\"elementor-element elementor-element-4c09e83 elementor-widget elementor-widget-heading\" data-id=\"4c09e83\" data-element_type=\"widget\" data-widget_type=\"heading.default\">\n\t\t\t\t<div class=\"elementor-widget-container\">\n\t\t\t\t\t<h2 class=\"elementor-heading-title elementor-size-default\">Parceiro:<\/h2>\t\t\t\t<\/div>\n\t\t\t\t<\/div>\n\t\t\t\t<\/div>\n\t\t<div class=\"elementor-element elementor-element-3946e78 e-grid e-con-full e-con e-child\" data-id=\"3946e78\" data-element_type=\"container\">\n\t\t<div class=\"elementor-element elementor-element-502662b e-con-full e-flex e-con e-child\" data-id=\"502662b\" data-element_type=\"container\">\n\t\t\t\t<\/div>\n\t\t\t\t<div class=\"elementor-element elementor-element-bcf30e2 elementor-widget elementor-widget-image\" data-id=\"bcf30e2\" data-element_type=\"widget\" data-widget_type=\"image.default\">\n\t\t\t\t<div class=\"elementor-widget-container\">\n\t\t\t\t\t\t\t\t\t\t\t\t\t\t\t<img decoding=\"async\" src=\"https:\/\/download.logo.wine\/logo\/APC_by_Schneider_Electric\/APC_by_Schneider_Electric-Logo.wine.png\" title=\"\" alt=\"\" loading=\"lazy\" \/>\t\t\t\t\t\t\t\t\t\t\t\t\t\t\t<\/div>\n\t\t\t\t<\/div>\n\t\t\t\t<\/div>\n\t\t\t\t\t<\/div>\n\t\t\t\t<\/div>\n\t\t\t\t<\/div>\n\t\t","protected":false},"excerpt":{"rendered":"<p>Solu\u00e7\u00f5es Empresariais Infraestruturas de Datacenter Compute e Storage MPS &#8211; Gest\u00e3o de Impress\u00e3o Co location e Hosting Redes e comunica\u00e7\u00f5es unificadas Rob\u00f3tica &#038; IA Sistemas de Gest\u00e3o Empresarial Office e Colabora\u00e7\u00e3o Cybersecurity Assist\u00eancia T\u00e9cnica e Helpdesk Co location e Hosting Co location e Hosting permite acesso a uma rede de servidores remotos hospedados na Internet [&hellip;]<\/p>\n","protected":false},"author":1,"featured_media":0,"parent":0,"menu_order":0,"comment_status":"closed","ping_status":"closed","template":"","meta":{"footnotes":""},"class_list":["post-637","page","type-page","status-publish","hentry"],"_links":{"self":[{"href":"https:\/\/dataserv-mz.com\/index.php\/wp-json\/wp\/v2\/pages\/637","targetHints":{"allow":["GET"]}}],"collection":[{"href":"https:\/\/dataserv-mz.com\/index.php\/wp-json\/wp\/v2\/pages"}],"about":[{"href":"https:\/\/dataserv-mz.com\/index.php\/wp-json\/wp\/v2\/types\/page"}],"author":[{"embeddable":true,"href":"https:\/\/dataserv-mz.com\/index.php\/wp-json\/wp\/v2\/users\/1"}],"replies":[{"embeddable":true,"href":"https:\/\/dataserv-mz.com\/index.php\/wp-json\/wp\/v2\/comments?post=637"}],"version-history":[{"count":136,"href":"https:\/\/dataserv-mz.com\/index.php\/wp-json\/wp\/v2\/pages\/637\/revisions"}],"predecessor-version":[{"id":3191,"href":"https:\/\/dataserv-mz.com\/index.php\/wp-json\/wp\/v2\/pages\/637\/revisions\/3191"}],"wp:attachment":[{"href":"https:\/\/dataserv-mz.com\/index.php\/wp-json\/wp\/v2\/media?parent=637"}],"curies":[{"name":"wp","href":"https:\/\/api.w.org\/{rel}","templated":true}]}}