{"id":711,"date":"2025-06-02T06:17:21","date_gmt":"2025-06-02T06:17:21","guid":{"rendered":"http:\/\/10.1.5.50\/dataservWeb\/?page_id=711"},"modified":"2025-10-22T08:28:54","modified_gmt":"2025-10-22T08:28:54","slug":"gestao-e-base-de-dados","status":"publish","type":"page","link":"https:\/\/dataserv-mz.com\/index.php\/gestao-e-base-de-dados\/","title":{"rendered":"Gest\u00e3o e Base de Dados"},"content":{"rendered":"\t\t<div data-elementor-type=\"wp-page\" data-elementor-id=\"711\" class=\"elementor elementor-711\">\n\t\t\t\t<div class=\"elementor-element elementor-element-6dc06a7 e-flex e-con-boxed e-con e-parent\" data-id=\"6dc06a7\" data-element_type=\"container\" data-settings=\"{&quot;background_background&quot;:&quot;classic&quot;}\">\n\t\t\t\t\t<div class=\"e-con-inner\">\n\t\t\t\t<div class=\"elementor-element elementor-element-4e5ff43 elementor-widget elementor-widget-heading\" data-id=\"4e5ff43\" data-element_type=\"widget\" data-widget_type=\"heading.default\">\n\t\t\t\t<div class=\"elementor-widget-container\">\n\t\t\t\t\t<h2 class=\"elementor-heading-title elementor-size-default\">Solu\u00e7\u00f5es Empresariais<\/h2>\t\t\t\t<\/div>\n\t\t\t\t<\/div>\n\t\t\t\t<div class=\"elementor-element elementor-element-7c32ddc elementor-widget-divider--view-line elementor-widget elementor-widget-divider\" data-id=\"7c32ddc\" data-element_type=\"widget\" data-widget_type=\"divider.default\">\n\t\t\t\t<div class=\"elementor-widget-container\">\n\t\t\t\t\t\t\t<div class=\"elementor-divider\">\n\t\t\t<span class=\"elementor-divider-separator\">\n\t\t\t\t\t\t<\/span>\n\t\t<\/div>\n\t\t\t\t\t\t<\/div>\n\t\t\t\t<\/div>\n\t\t<div class=\"elementor-element elementor-element-8fbc61e e-flex e-con-boxed e-con e-child\" data-id=\"8fbc61e\" data-element_type=\"container\" data-settings=\"{&quot;background_background&quot;:&quot;classic&quot;}\">\n\t\t\t\t\t<div class=\"e-con-inner\">\n\t\t<div class=\"elementor-element elementor-element-f7facb6 e-grid e-con-full e-con e-child\" data-id=\"f7facb6\" data-element_type=\"container\">\n\t\t<a class=\"elementor-element elementor-element-f586519 e-con-full e-flex e-con e-child\" data-id=\"f586519\" data-element_type=\"container\" href=\"https:\/\/dataserv-mz.com\/index.php\/solucoes-empresariais\/\">\n\t\t\t\t<div class=\"elementor-element elementor-element-5f6db8c elementor-widget elementor-widget-heading\" data-id=\"5f6db8c\" data-element_type=\"widget\" data-widget_type=\"heading.default\">\n\t\t\t\t<div class=\"elementor-widget-container\">\n\t\t\t\t\t<h2 class=\"elementor-heading-title elementor-size-default\">Infraestruturas de Datacenter<\/h2>\t\t\t\t<\/div>\n\t\t\t\t<\/div>\n\t\t\t\t<\/a>\n\t\t<a class=\"elementor-element elementor-element-9d884e6 e-con-full e-flex e-con e-child\" data-id=\"9d884e6\" data-element_type=\"container\" href=\"https:\/\/dataserv-mz.com\/index.php\/gestao-e-base-de-dados\/\">\n\t\t\t\t<div class=\"elementor-element elementor-element-372a71e elementor-widget elementor-widget-heading\" data-id=\"372a71e\" data-element_type=\"widget\" data-widget_type=\"heading.default\">\n\t\t\t\t<div class=\"elementor-widget-container\">\n\t\t\t\t\t<h2 class=\"elementor-heading-title elementor-size-default\">Compute e Storage<\/h2>\t\t\t\t<\/div>\n\t\t\t\t<\/div>\n\t\t\t\t<\/a>\n\t\t<a class=\"elementor-element elementor-element-cd5186c e-con-full e-flex e-con e-child\" data-id=\"cd5186c\" data-element_type=\"container\" href=\"https:\/\/dataserv-mz.com\/index.php\/gestao-de-impressao\/\">\n\t\t\t\t<div class=\"elementor-element elementor-element-dba63a4 elementor-widget elementor-widget-heading\" data-id=\"dba63a4\" data-element_type=\"widget\" data-widget_type=\"heading.default\">\n\t\t\t\t<div class=\"elementor-widget-container\">\n\t\t\t\t\t<h2 class=\"elementor-heading-title elementor-size-default\">MPS - Gest\u00e3o de Impress\u00e3o<\/h2>\t\t\t\t<\/div>\n\t\t\t\t<\/div>\n\t\t\t\t<\/a>\n\t\t<a class=\"elementor-element elementor-element-40289ca e-con-full e-flex e-con e-child\" data-id=\"40289ca\" data-element_type=\"container\" href=\"https:\/\/dataserv-mz.com\/index.php\/cloud-computing\/\">\n\t\t\t\t<div class=\"elementor-element elementor-element-6078adf elementor-widget elementor-widget-heading\" data-id=\"6078adf\" data-element_type=\"widget\" data-widget_type=\"heading.default\">\n\t\t\t\t<div class=\"elementor-widget-container\">\n\t\t\t\t\t<h2 class=\"elementor-heading-title elementor-size-default\">Co location e Hosting\n<\/h2>\t\t\t\t<\/div>\n\t\t\t\t<\/div>\n\t\t\t\t<\/a>\n\t\t<a class=\"elementor-element elementor-element-d0ab03e e-con-full e-flex e-con e-child\" data-id=\"d0ab03e\" data-element_type=\"container\" href=\"https:\/\/dataserv-mz.com\/index.php\/infraestrutura-e-redes\/\">\n\t\t\t\t<div class=\"elementor-element elementor-element-f0d2a08 elementor-widget elementor-widget-heading\" data-id=\"f0d2a08\" data-element_type=\"widget\" data-widget_type=\"heading.default\">\n\t\t\t\t<div class=\"elementor-widget-container\">\n\t\t\t\t\t<h2 class=\"elementor-heading-title elementor-size-default\">Redes e comunica\u00e7\u00f5es unificadas<\/h2>\t\t\t\t<\/div>\n\t\t\t\t<\/div>\n\t\t\t\t<\/a>\n\t\t<a class=\"elementor-element elementor-element-9bfa8b7 e-con-full e-flex e-con e-child\" data-id=\"9bfa8b7\" data-element_type=\"container\">\n\t\t\t\t<div class=\"elementor-element elementor-element-2ee2708 elementor-widget elementor-widget-heading\" data-id=\"2ee2708\" data-element_type=\"widget\" data-widget_type=\"heading.default\">\n\t\t\t\t<div class=\"elementor-widget-container\">\n\t\t\t\t\t<h2 class=\"elementor-heading-title elementor-size-default\">Rob\u00f3tica &amp; IA\n<\/h2>\t\t\t\t<\/div>\n\t\t\t\t<\/div>\n\t\t\t\t<\/a>\n\t\t<a class=\"elementor-element elementor-element-0372276 e-con-full e-flex e-con e-child\" data-id=\"0372276\" data-element_type=\"container\">\n\t\t\t\t<div class=\"elementor-element elementor-element-57dd26f elementor-widget elementor-widget-heading\" data-id=\"57dd26f\" data-element_type=\"widget\" data-widget_type=\"heading.default\">\n\t\t\t\t<div class=\"elementor-widget-container\">\n\t\t\t\t\t<h2 class=\"elementor-heading-title elementor-size-default\">Sistemas de Gest\u00e3o Empresarial<\/h2>\t\t\t\t<\/div>\n\t\t\t\t<\/div>\n\t\t\t\t<\/a>\n\t\t<a class=\"elementor-element elementor-element-7518984 e-con-full e-flex e-con e-child\" data-id=\"7518984\" data-element_type=\"container\">\n\t\t\t\t<div class=\"elementor-element elementor-element-6f7e9a9 elementor-widget elementor-widget-heading\" data-id=\"6f7e9a9\" data-element_type=\"widget\" data-widget_type=\"heading.default\">\n\t\t\t\t<div class=\"elementor-widget-container\">\n\t\t\t\t\t<h2 class=\"elementor-heading-title elementor-size-default\">Office e Colabora\u00e7\u00e3o<\/h2>\t\t\t\t<\/div>\n\t\t\t\t<\/div>\n\t\t\t\t<\/a>\n\t\t<a class=\"elementor-element elementor-element-36b3a65 e-con-full e-flex e-con e-child\" data-id=\"36b3a65\" data-element_type=\"container\" href=\"https:\/\/dataserv-mz.com\/index.php\/seguranca-informatica\/\">\n\t\t\t\t<div class=\"elementor-element elementor-element-6aaff26 elementor-widget elementor-widget-heading\" data-id=\"6aaff26\" data-element_type=\"widget\" data-widget_type=\"heading.default\">\n\t\t\t\t<div class=\"elementor-widget-container\">\n\t\t\t\t\t<h2 class=\"elementor-heading-title elementor-size-default\">Cybersecurity<\/h2>\t\t\t\t<\/div>\n\t\t\t\t<\/div>\n\t\t\t\t<\/a>\n\t\t<a class=\"elementor-element elementor-element-e3a8c57 e-con-full e-flex e-con e-child\" data-id=\"e3a8c57\" data-element_type=\"container\">\n\t\t\t\t<div class=\"elementor-element elementor-element-ddb39ea elementor-widget elementor-widget-heading\" data-id=\"ddb39ea\" data-element_type=\"widget\" data-widget_type=\"heading.default\">\n\t\t\t\t<div class=\"elementor-widget-container\">\n\t\t\t\t\t<h2 class=\"elementor-heading-title elementor-size-default\">Assist\u00eancia T\u00e9cnica e Helpdesk<\/h2>\t\t\t\t<\/div>\n\t\t\t\t<\/div>\n\t\t\t\t<\/a>\n\t\t\t\t<\/div>\n\t\t\t\t\t<\/div>\n\t\t\t\t<\/div>\n\t\t\t\t\t<\/div>\n\t\t\t\t<\/div>\n\t\t<div class=\"elementor-element elementor-element-1501204 e-flex e-con-boxed e-con e-parent\" data-id=\"1501204\" data-element_type=\"container\">\n\t\t\t\t\t<div class=\"e-con-inner\">\n\t\t<div class=\"elementor-element elementor-element-9a54e5f e-con-full e-flex e-con e-child\" data-id=\"9a54e5f\" data-element_type=\"container\">\n\t\t<div class=\"elementor-element elementor-element-23efabf e-con-full e-flex e-con e-child\" data-id=\"23efabf\" data-element_type=\"container\">\n\t\t\t\t<div class=\"elementor-element elementor-element-a8414a2 elementor-widget-divider--view-line elementor-widget elementor-widget-divider\" data-id=\"a8414a2\" data-element_type=\"widget\" data-widget_type=\"divider.default\">\n\t\t\t\t<div class=\"elementor-widget-container\">\n\t\t\t\t\t\t\t<div class=\"elementor-divider\">\n\t\t\t<span class=\"elementor-divider-separator\">\n\t\t\t\t\t\t<\/span>\n\t\t<\/div>\n\t\t\t\t\t\t<\/div>\n\t\t\t\t<\/div>\n\t\t\t\t<\/div>\n\t\t<div class=\"elementor-element elementor-element-18fc092 e-con-full e-flex e-con e-child\" data-id=\"18fc092\" data-element_type=\"container\">\n\t\t\t\t<div class=\"elementor-element elementor-element-ca87f8f elementor-widget elementor-widget-heading\" data-id=\"ca87f8f\" data-element_type=\"widget\" data-widget_type=\"heading.default\">\n\t\t\t\t<div class=\"elementor-widget-container\">\n\t\t\t\t\t<h2 class=\"elementor-heading-title elementor-size-default\">Compute e Storage<\/h2>\t\t\t\t<\/div>\n\t\t\t\t<\/div>\n\t\t\t\t<\/div>\n\t\t<div class=\"elementor-element elementor-element-d3ccde0 e-con-full e-flex e-con e-child\" data-id=\"d3ccde0\" data-element_type=\"container\">\n\t\t\t\t<div class=\"elementor-element elementor-element-be480d4 elementor-widget-divider--view-line elementor-widget elementor-widget-divider\" data-id=\"be480d4\" data-element_type=\"widget\" data-widget_type=\"divider.default\">\n\t\t\t\t<div class=\"elementor-widget-container\">\n\t\t\t\t\t\t\t<div class=\"elementor-divider\">\n\t\t\t<span class=\"elementor-divider-separator\">\n\t\t\t\t\t\t<\/span>\n\t\t<\/div>\n\t\t\t\t\t\t<\/div>\n\t\t\t\t<\/div>\n\t\t\t\t<\/div>\n\t\t\t\t<\/div>\n\t\t<div class=\"elementor-element elementor-element-cd6a8dc e-con-full e-flex e-con e-child\" data-id=\"cd6a8dc\" data-element_type=\"container\">\n\t\t<div class=\"elementor-element elementor-element-675b5fd e-con-full e-flex e-con e-child\" data-id=\"675b5fd\" data-element_type=\"container\" data-settings=\"{&quot;background_background&quot;:&quot;classic&quot;}\">\n\t\t\t\t<\/div>\n\t\t<div class=\"elementor-element elementor-element-345b633 e-con-full e-flex e-con e-child\" data-id=\"345b633\" data-element_type=\"container\">\n\t\t\t\t<div class=\"elementor-element elementor-element-378f7d9 elementor-widget elementor-widget-text-editor\" data-id=\"378f7d9\" data-element_type=\"widget\" data-widget_type=\"text-editor.default\">\n\t\t\t\t<div class=\"elementor-widget-container\">\n\t\t\t\t\t\t\t\t\t<p>Como distribuidora de algumas das marcas mais importantes do mundo, a Dataserv oferece um portf\u00f3lio completo de servidores que s\u00e3o projetados para oferecer desempenho recorde, gerenciamento simplificado e efici\u00eancias econ\u00f4micas.<\/p><p><br \/>Oferecemos os seguintes servi\u00e7os:<\/p><p>&#8211; Instala\u00e7\u00e3o de infraestruturas de servidores (Tower, Rack &amp; Blades)<br \/>&#8211; Sistemas de Backup e restore<br \/>&#8211; Sistemas de Continuidade de Neg\u00f3cio<\/p>\t\t\t\t\t\t\t\t<\/div>\n\t\t\t\t<\/div>\n\t\t\t\t<\/div>\n\t\t\t\t<\/div>\n\t\t\t\t\t<\/div>\n\t\t\t\t<\/div>\n\t\t\t\t<\/div>\n\t\t","protected":false},"excerpt":{"rendered":"<p>Solu\u00e7\u00f5es Empresariais Infraestruturas de Datacenter Compute e Storage MPS &#8211; Gest\u00e3o de Impress\u00e3o Co location e Hosting Redes e comunica\u00e7\u00f5es unificadas Rob\u00f3tica &#038; IA Sistemas de Gest\u00e3o Empresarial Office e Colabora\u00e7\u00e3o Cybersecurity Assist\u00eancia T\u00e9cnica e Helpdesk Compute e Storage Como distribuidora de algumas das marcas mais importantes do mundo, a Dataserv oferece um portf\u00f3lio completo [&hellip;]<\/p>\n","protected":false},"author":1,"featured_media":0,"parent":0,"menu_order":0,"comment_status":"closed","ping_status":"closed","template":"","meta":{"footnotes":""},"class_list":["post-711","page","type-page","status-publish","hentry"],"_links":{"self":[{"href":"https:\/\/dataserv-mz.com\/index.php\/wp-json\/wp\/v2\/pages\/711","targetHints":{"allow":["GET"]}}],"collection":[{"href":"https:\/\/dataserv-mz.com\/index.php\/wp-json\/wp\/v2\/pages"}],"about":[{"href":"https:\/\/dataserv-mz.com\/index.php\/wp-json\/wp\/v2\/types\/page"}],"author":[{"embeddable":true,"href":"https:\/\/dataserv-mz.com\/index.php\/wp-json\/wp\/v2\/users\/1"}],"replies":[{"embeddable":true,"href":"https:\/\/dataserv-mz.com\/index.php\/wp-json\/wp\/v2\/comments?post=711"}],"version-history":[{"count":44,"href":"https:\/\/dataserv-mz.com\/index.php\/wp-json\/wp\/v2\/pages\/711\/revisions"}],"predecessor-version":[{"id":3155,"href":"https:\/\/dataserv-mz.com\/index.php\/wp-json\/wp\/v2\/pages\/711\/revisions\/3155"}],"wp:attachment":[{"href":"https:\/\/dataserv-mz.com\/index.php\/wp-json\/wp\/v2\/media?parent=711"}],"curies":[{"name":"wp","href":"https:\/\/api.w.org\/{rel}","templated":true}]}}