{"id":716,"date":"2025-06-02T06:23:44","date_gmt":"2025-06-02T06:23:44","guid":{"rendered":"http:\/\/10.1.5.50\/dataservWeb\/?page_id=716"},"modified":"2025-10-21T20:50:50","modified_gmt":"2025-10-21T20:50:50","slug":"virtualizacao","status":"publish","type":"page","link":"https:\/\/dataserv-mz.com\/index.php\/virtualizacao\/","title":{"rendered":"Virtualiza\u00e7\u00e3o"},"content":{"rendered":"\t\t<div data-elementor-type=\"wp-page\" data-elementor-id=\"716\" class=\"elementor elementor-716\">\n\t\t\t\t<div class=\"elementor-element elementor-element-c84a4bb e-flex e-con-boxed e-con e-parent\" data-id=\"c84a4bb\" data-element_type=\"container\" data-settings=\"{&quot;background_background&quot;:&quot;classic&quot;}\">\n\t\t\t\t\t<div class=\"e-con-inner\">\n\t\t\t\t<div class=\"elementor-element elementor-element-5f3bf15 elementor-widget elementor-widget-heading\" data-id=\"5f3bf15\" data-element_type=\"widget\" data-widget_type=\"heading.default\">\n\t\t\t\t<div class=\"elementor-widget-container\">\n\t\t\t\t\t<h2 class=\"elementor-heading-title elementor-size-default\">Solu\u00e7\u00f5es Empresariais<\/h2>\t\t\t\t<\/div>\n\t\t\t\t<\/div>\n\t\t\t\t<div class=\"elementor-element elementor-element-0b00aef elementor-widget-divider--view-line elementor-widget elementor-widget-divider\" data-id=\"0b00aef\" data-element_type=\"widget\" data-widget_type=\"divider.default\">\n\t\t\t\t<div class=\"elementor-widget-container\">\n\t\t\t\t\t\t\t<div class=\"elementor-divider\">\n\t\t\t<span class=\"elementor-divider-separator\">\n\t\t\t\t\t\t<\/span>\n\t\t<\/div>\n\t\t\t\t\t\t<\/div>\n\t\t\t\t<\/div>\n\t\t<div class=\"elementor-element elementor-element-a6310cd e-flex e-con-boxed e-con e-child\" data-id=\"a6310cd\" data-element_type=\"container\" data-settings=\"{&quot;background_background&quot;:&quot;classic&quot;}\">\n\t\t\t\t\t<div class=\"e-con-inner\">\n\t\t<div class=\"elementor-element elementor-element-66bd0d7 e-grid e-con-full e-con e-child\" data-id=\"66bd0d7\" data-element_type=\"container\">\n\t\t<a class=\"elementor-element elementor-element-3ccc582 e-con-full e-flex e-con e-child\" data-id=\"3ccc582\" data-element_type=\"container\" href=\"https:\/\/dataserv-mz.com\/index.php\/cloud-computing\/\">\n\t\t\t\t<div class=\"elementor-element elementor-element-aa56694 elementor-widget elementor-widget-heading\" data-id=\"aa56694\" data-element_type=\"widget\" data-widget_type=\"heading.default\">\n\t\t\t\t<div class=\"elementor-widget-container\">\n\t\t\t\t\t<h2 class=\"elementor-heading-title elementor-size-default\">Datacenters<\/h2>\t\t\t\t<\/div>\n\t\t\t\t<\/div>\n\t\t\t\t<\/a>\n\t\t<a class=\"elementor-element elementor-element-1ecf83b e-con-full e-flex e-con e-child\" data-id=\"1ecf83b\" data-element_type=\"container\" href=\"https:\/\/dataserv-mz.com\/index.php\/cloud-computing\/\">\n\t\t\t\t<div class=\"elementor-element elementor-element-313f529 elementor-widget elementor-widget-heading\" data-id=\"313f529\" data-element_type=\"widget\" data-widget_type=\"heading.default\">\n\t\t\t\t<div class=\"elementor-widget-container\">\n\t\t\t\t\t<h2 class=\"elementor-heading-title elementor-size-default\">Cloud Computing<\/h2>\t\t\t\t<\/div>\n\t\t\t\t<\/div>\n\t\t\t\t<\/a>\n\t\t<a class=\"elementor-element elementor-element-2ee44f7 e-con-full e-flex e-con e-child\" data-id=\"2ee44f7\" data-element_type=\"container\" href=\"https:\/\/dataserv-mz.com\/index.php\/cloud-computing\/\">\n\t\t\t\t<div class=\"elementor-element elementor-element-db2ee6b elementor-widget elementor-widget-heading\" data-id=\"db2ee6b\" data-element_type=\"widget\" data-widget_type=\"heading.default\">\n\t\t\t\t<div class=\"elementor-widget-container\">\n\t\t\t\t\t<h2 class=\"elementor-heading-title elementor-size-default\">Gest\u00e3o de Impress\u00e3o<\/h2>\t\t\t\t<\/div>\n\t\t\t\t<\/div>\n\t\t\t\t<\/a>\n\t\t<a class=\"elementor-element elementor-element-4ad03f7 e-con-full e-flex e-con e-child\" data-id=\"4ad03f7\" data-element_type=\"container\" href=\"https:\/\/dataserv-mz.com\/index.php\/cloud-computing\/\">\n\t\t\t\t<div class=\"elementor-element elementor-element-3646734 elementor-widget elementor-widget-heading\" data-id=\"3646734\" data-element_type=\"widget\" data-widget_type=\"heading.default\">\n\t\t\t\t<div class=\"elementor-widget-container\">\n\t\t\t\t\t<h2 class=\"elementor-heading-title elementor-size-default\">Energia Limpa<\/h2>\t\t\t\t<\/div>\n\t\t\t\t<\/div>\n\t\t\t\t<\/a>\n\t\t<a class=\"elementor-element elementor-element-8ee9efe e-con-full e-flex e-con e-child\" data-id=\"8ee9efe\" data-element_type=\"container\" href=\"https:\/\/dataserv-mz.com\/index.php\/cloud-computing\/\">\n\t\t\t\t<div class=\"elementor-element elementor-element-2bde352 elementor-widget elementor-widget-heading\" data-id=\"2bde352\" data-element_type=\"widget\" data-widget_type=\"heading.default\">\n\t\t\t\t<div class=\"elementor-widget-container\">\n\t\t\t\t\t<h2 class=\"elementor-heading-title elementor-size-default\">Infraestruturas e Redes<\/h2>\t\t\t\t<\/div>\n\t\t\t\t<\/div>\n\t\t\t\t<\/a>\n\t\t<a class=\"elementor-element elementor-element-8e32f25 e-con-full e-flex e-con e-child\" data-id=\"8e32f25\" data-element_type=\"container\" href=\"https:\/\/dataserv-mz.com\/index.php\/cloud-computing\/\">\n\t\t\t\t<div class=\"elementor-element elementor-element-09fced5 elementor-widget elementor-widget-heading\" data-id=\"09fced5\" data-element_type=\"widget\" data-widget_type=\"heading.default\">\n\t\t\t\t<div class=\"elementor-widget-container\">\n\t\t\t\t\t<h2 class=\"elementor-heading-title elementor-size-default\">Controlo de Acessos<\/h2>\t\t\t\t<\/div>\n\t\t\t\t<\/div>\n\t\t\t\t<\/a>\n\t\t<a class=\"elementor-element elementor-element-348db96 e-con-full e-flex e-con e-child\" data-id=\"348db96\" data-element_type=\"container\" href=\"https:\/\/dataserv-mz.com\/index.php\/cloud-computing\/\">\n\t\t\t\t<div class=\"elementor-element elementor-element-32d2021 elementor-widget elementor-widget-heading\" data-id=\"32d2021\" data-element_type=\"widget\" data-widget_type=\"heading.default\">\n\t\t\t\t<div class=\"elementor-widget-container\">\n\t\t\t\t\t<h2 class=\"elementor-heading-title elementor-size-default\">Gest\u00e3o e Base de Dados<\/h2>\t\t\t\t<\/div>\n\t\t\t\t<\/div>\n\t\t\t\t<\/a>\n\t\t<a class=\"elementor-element elementor-element-d30c43a e-con-full e-flex e-con e-child\" data-id=\"d30c43a\" data-element_type=\"container\" href=\"https:\/\/dataserv-mz.com\/index.php\/cloud-computing\/\">\n\t\t\t\t<div class=\"elementor-element elementor-element-1905d1f elementor-widget elementor-widget-heading\" data-id=\"1905d1f\" data-element_type=\"widget\" data-widget_type=\"heading.default\">\n\t\t\t\t<div class=\"elementor-widget-container\">\n\t\t\t\t\t<h2 class=\"elementor-heading-title elementor-size-default\">Comunica\u00e7\u00f5es Unificadas<\/h2>\t\t\t\t<\/div>\n\t\t\t\t<\/div>\n\t\t\t\t<\/a>\n\t\t<a class=\"elementor-element elementor-element-fb5b806 e-con-full e-flex e-con e-child\" data-id=\"fb5b806\" data-element_type=\"container\" href=\"https:\/\/dataserv-mz.com\/index.php\/cloud-computing\/\">\n\t\t\t\t<div class=\"elementor-element elementor-element-2deee79 elementor-widget elementor-widget-heading\" data-id=\"2deee79\" data-element_type=\"widget\" data-widget_type=\"heading.default\">\n\t\t\t\t<div class=\"elementor-widget-container\">\n\t\t\t\t\t<h2 class=\"elementor-heading-title elementor-size-default\">Seguran\u00e7a Inform\u00e1tica<\/h2>\t\t\t\t<\/div>\n\t\t\t\t<\/div>\n\t\t\t\t<\/a>\n\t\t<a class=\"elementor-element elementor-element-6d138b7 e-con-full e-flex e-con e-child\" data-id=\"6d138b7\" data-element_type=\"container\" href=\"https:\/\/dataserv-mz.com\/index.php\/energia-limpa\/\">\n\t\t\t\t<div class=\"elementor-element elementor-element-6bcade5 elementor-widget elementor-widget-heading\" data-id=\"6bcade5\" data-element_type=\"widget\" data-widget_type=\"heading.default\">\n\t\t\t\t<div class=\"elementor-widget-container\">\n\t\t\t\t\t<h2 class=\"elementor-heading-title elementor-size-default\">Virtualiza\u00e7\u00e3o<\/h2>\t\t\t\t<\/div>\n\t\t\t\t<\/div>\n\t\t\t\t<\/a>\n\t\t\t\t<\/div>\n\t\t\t\t\t<\/div>\n\t\t\t\t<\/div>\n\t\t\t\t\t<\/div>\n\t\t\t\t<\/div>\n\t\t<div class=\"elementor-element elementor-element-d736128 e-flex e-con-boxed e-con e-parent\" data-id=\"d736128\" data-element_type=\"container\">\n\t\t\t\t\t<div class=\"e-con-inner\">\n\t\t<div class=\"elementor-element elementor-element-4e85075 e-con-full e-flex e-con e-child\" data-id=\"4e85075\" data-element_type=\"container\">\n\t\t<div class=\"elementor-element elementor-element-321e6ce e-con-full e-flex e-con e-child\" data-id=\"321e6ce\" data-element_type=\"container\">\n\t\t\t\t<div class=\"elementor-element elementor-element-5d71164 elementor-widget-divider--view-line elementor-widget elementor-widget-divider\" data-id=\"5d71164\" data-element_type=\"widget\" data-widget_type=\"divider.default\">\n\t\t\t\t<div class=\"elementor-widget-container\">\n\t\t\t\t\t\t\t<div class=\"elementor-divider\">\n\t\t\t<span class=\"elementor-divider-separator\">\n\t\t\t\t\t\t<\/span>\n\t\t<\/div>\n\t\t\t\t\t\t<\/div>\n\t\t\t\t<\/div>\n\t\t\t\t<\/div>\n\t\t<div class=\"elementor-element elementor-element-8e9c71c e-con-full e-flex e-con e-child\" data-id=\"8e9c71c\" data-element_type=\"container\">\n\t\t\t\t<div class=\"elementor-element elementor-element-fdebea5 elementor-widget elementor-widget-heading\" data-id=\"fdebea5\" data-element_type=\"widget\" data-widget_type=\"heading.default\">\n\t\t\t\t<div class=\"elementor-widget-container\">\n\t\t\t\t\t<h2 class=\"elementor-heading-title elementor-size-default\">Virtualiza\u00e7\u00e3o<\/h2>\t\t\t\t<\/div>\n\t\t\t\t<\/div>\n\t\t\t\t<\/div>\n\t\t<div class=\"elementor-element elementor-element-d0a6814 e-con-full e-flex e-con e-child\" data-id=\"d0a6814\" data-element_type=\"container\">\n\t\t\t\t<div class=\"elementor-element elementor-element-7048c8b elementor-widget-divider--view-line elementor-widget elementor-widget-divider\" data-id=\"7048c8b\" data-element_type=\"widget\" data-widget_type=\"divider.default\">\n\t\t\t\t<div class=\"elementor-widget-container\">\n\t\t\t\t\t\t\t<div class=\"elementor-divider\">\n\t\t\t<span class=\"elementor-divider-separator\">\n\t\t\t\t\t\t<\/span>\n\t\t<\/div>\n\t\t\t\t\t\t<\/div>\n\t\t\t\t<\/div>\n\t\t\t\t<\/div>\n\t\t\t\t<\/div>\n\t\t<div class=\"elementor-element elementor-element-18bd3ea e-con-full e-flex e-con e-child\" data-id=\"18bd3ea\" data-element_type=\"container\">\n\t\t<div class=\"elementor-element elementor-element-203b3f6 e-con-full e-flex e-con e-child\" data-id=\"203b3f6\" data-element_type=\"container\" data-settings=\"{&quot;background_background&quot;:&quot;classic&quot;}\">\n\t\t\t\t<\/div>\n\t\t<div class=\"elementor-element elementor-element-af8b4f2 e-con-full e-flex e-con e-child\" data-id=\"af8b4f2\" data-element_type=\"container\">\n\t\t\t\t<div class=\"elementor-element elementor-element-cbe94fd elementor-widget elementor-widget-text-editor\" data-id=\"cbe94fd\" data-element_type=\"widget\" data-widget_type=\"text-editor.default\">\n\t\t\t\t<div class=\"elementor-widget-container\">\n\t\t\t\t\t\t\t\t\t<p>\u00a0<\/p><p>Oferecemos os seguintes servi\u00e7os:<\/p><p>\u00ac\u00a0Virtualiza\u00e7\u00e3o de servidores<br \/>\u00ac\u00a0Virtualiza\u00e7\u00e3o de aplicacional<br \/>\u00ac\u00a0Thinclients<\/p>\t\t\t\t\t\t\t\t<\/div>\n\t\t\t\t<\/div>\n\t\t\t\t<\/div>\n\t\t\t\t<\/div>\n\t\t\t\t\t<\/div>\n\t\t\t\t<\/div>\n\t\t<div class=\"elementor-element elementor-element-7dab53f e-flex e-con-boxed e-con e-parent\" data-id=\"7dab53f\" data-element_type=\"container\">\n\t\t\t\t\t<div class=\"e-con-inner\">\n\t\t<div class=\"elementor-element elementor-element-e2e0ad8 e-con-full e-flex e-con e-child\" data-id=\"e2e0ad8\" data-element_type=\"container\">\n\t\t\t\t<div class=\"elementor-element elementor-element-bc08edb elementor-widget elementor-widget-heading\" data-id=\"bc08edb\" data-element_type=\"widget\" data-widget_type=\"heading.default\">\n\t\t\t\t<div class=\"elementor-widget-container\">\n\t\t\t\t\t<h2 class=\"elementor-heading-title elementor-size-default\">Parceiros<\/h2>\t\t\t\t<\/div>\n\t\t\t\t<\/div>\n\t\t\t\t<\/div>\n\t\t<div class=\"elementor-element elementor-element-e8e748e e-con-full e-flex e-con e-child\" data-id=\"e8e748e\" data-element_type=\"container\">\n\t\t<div class=\"elementor-element elementor-element-b7149dd e-grid e-con-full e-con e-child\" data-id=\"b7149dd\" data-element_type=\"container\">\n\t\t\t\t<div class=\"elementor-element elementor-element-e8dea6f elementor-widget elementor-widget-image\" data-id=\"e8dea6f\" data-element_type=\"widget\" data-widget_type=\"image.default\">\n\t\t\t\t<div class=\"elementor-widget-container\">\n\t\t\t\t\t\t\t\t\t\t\t\t\t\t\t<img decoding=\"async\" src=\"https:\/\/logos-world.net\/wp-content\/uploads\/2020\/09\/Microsoft-Logo.png\" title=\"\" alt=\"\" loading=\"lazy\" \/>\t\t\t\t\t\t\t\t\t\t\t\t\t\t\t<\/div>\n\t\t\t\t<\/div>\n\t\t\t\t<div class=\"elementor-element elementor-element-ca4a8bd elementor-widget elementor-widget-image\" data-id=\"ca4a8bd\" data-element_type=\"widget\" data-widget_type=\"image.default\">\n\t\t\t\t<div class=\"elementor-widget-container\">\n\t\t\t\t\t\t\t\t\t\t\t\t\t\t\t<img decoding=\"async\" src=\"https:\/\/encrypted-tbn0.gstatic.com\/images?q=tbn:ANd9GcRoo23SnapArrFwgkCUPC0Qo2VkpW9UMkcXww&#038;s\" title=\"\" alt=\"\" loading=\"lazy\" \/>\t\t\t\t\t\t\t\t\t\t\t\t\t\t\t<\/div>\n\t\t\t\t<\/div>\n\t\t\t\t<\/div>\n\t\t\t\t<\/div>\n\t\t\t\t\t<\/div>\n\t\t\t\t<\/div>\n\t\t\t\t<\/div>\n\t\t","protected":false},"excerpt":{"rendered":"<p>Solu\u00e7\u00f5es Empresariais Datacenters Cloud Computing Gest\u00e3o de Impress\u00e3o Energia Limpa Infraestruturas e Redes Controlo de Acessos Gest\u00e3o e Base de Dados Comunica\u00e7\u00f5es Unificadas Seguran\u00e7a Inform\u00e1tica Virtualiza\u00e7\u00e3o Virtualiza\u00e7\u00e3o \u00a0 Oferecemos os seguintes servi\u00e7os: \u00ac\u00a0Virtualiza\u00e7\u00e3o de servidores\u00ac\u00a0Virtualiza\u00e7\u00e3o de aplicacional\u00ac\u00a0Thinclients Parceiros<\/p>\n","protected":false},"author":1,"featured_media":0,"parent":0,"menu_order":0,"comment_status":"closed","ping_status":"closed","template":"","meta":{"footnotes":""},"class_list":["post-716","page","type-page","status-publish","hentry"],"_links":{"self":[{"href":"https:\/\/dataserv-mz.com\/index.php\/wp-json\/wp\/v2\/pages\/716","targetHints":{"allow":["GET"]}}],"collection":[{"href":"https:\/\/dataserv-mz.com\/index.php\/wp-json\/wp\/v2\/pages"}],"about":[{"href":"https:\/\/dataserv-mz.com\/index.php\/wp-json\/wp\/v2\/types\/page"}],"author":[{"embeddable":true,"href":"https:\/\/dataserv-mz.com\/index.php\/wp-json\/wp\/v2\/users\/1"}],"replies":[{"embeddable":true,"href":"https:\/\/dataserv-mz.com\/index.php\/wp-json\/wp\/v2\/comments?post=716"}],"version-history":[{"count":64,"href":"https:\/\/dataserv-mz.com\/index.php\/wp-json\/wp\/v2\/pages\/716\/revisions"}],"predecessor-version":[{"id":3103,"href":"https:\/\/dataserv-mz.com\/index.php\/wp-json\/wp\/v2\/pages\/716\/revisions\/3103"}],"wp:attachment":[{"href":"https:\/\/dataserv-mz.com\/index.php\/wp-json\/wp\/v2\/media?parent=716"}],"curies":[{"name":"wp","href":"https:\/\/api.w.org\/{rel}","templated":true}]}}