{"id":721,"date":"2025-06-02T06:28:00","date_gmt":"2025-06-02T06:28:00","guid":{"rendered":"http:\/\/10.1.5.50\/dataservWeb\/?page_id=721"},"modified":"2025-08-12T13:39:20","modified_gmt":"2025-08-12T13:39:20","slug":"comunicacoes-unificadas","status":"publish","type":"page","link":"https:\/\/dataserv-mz.com\/index.php\/comunicacoes-unificadas\/","title":{"rendered":"Comunica\u00e7\u00f5es Unificadas"},"content":{"rendered":"\t\t<div data-elementor-type=\"wp-page\" data-elementor-id=\"721\" class=\"elementor elementor-721\">\n\t\t\t\t<div class=\"elementor-element elementor-element-174b901 e-flex e-con-boxed e-con e-parent\" data-id=\"174b901\" data-element_type=\"container\" data-settings=\"{&quot;background_background&quot;:&quot;classic&quot;}\">\n\t\t\t\t\t<div class=\"e-con-inner\">\n\t\t\t\t<div class=\"elementor-element elementor-element-4620b0e elementor-widget elementor-widget-heading\" data-id=\"4620b0e\" data-element_type=\"widget\" data-widget_type=\"heading.default\">\n\t\t\t\t<div class=\"elementor-widget-container\">\n\t\t\t\t\t<h2 class=\"elementor-heading-title elementor-size-default\">Solu\u00e7\u00f5es Empresariais<\/h2>\t\t\t\t<\/div>\n\t\t\t\t<\/div>\n\t\t\t\t<div class=\"elementor-element elementor-element-31f3bc0 elementor-widget-divider--view-line elementor-widget elementor-widget-divider\" data-id=\"31f3bc0\" data-element_type=\"widget\" data-widget_type=\"divider.default\">\n\t\t\t\t<div class=\"elementor-widget-container\">\n\t\t\t\t\t\t\t<div class=\"elementor-divider\">\n\t\t\t<span class=\"elementor-divider-separator\">\n\t\t\t\t\t\t<\/span>\n\t\t<\/div>\n\t\t\t\t\t\t<\/div>\n\t\t\t\t<\/div>\n\t\t<div class=\"elementor-element elementor-element-fcd853a e-con-full e-flex e-con e-child\" data-id=\"fcd853a\" data-element_type=\"container\" data-settings=\"{&quot;background_background&quot;:&quot;classic&quot;}\">\n\t\t<div class=\"elementor-element elementor-element-c00c0d7 e-grid e-con-full e-con e-child\" data-id=\"c00c0d7\" data-element_type=\"container\">\n\t\t<a class=\"elementor-element elementor-element-f3d044a e-con-full e-flex e-con e-child\" data-id=\"f3d044a\" data-element_type=\"container\" href=\"https:\/\/dataserv-mz.com\/index.php\/solucoes-empresariais\/\">\n\t\t\t\t<div class=\"elementor-element elementor-element-16c7a90 elementor-widget elementor-widget-heading\" data-id=\"16c7a90\" data-element_type=\"widget\" data-widget_type=\"heading.default\">\n\t\t\t\t<div class=\"elementor-widget-container\">\n\t\t\t\t\t<h2 class=\"elementor-heading-title elementor-size-default\">Datacenters<\/h2>\t\t\t\t<\/div>\n\t\t\t\t<\/div>\n\t\t\t\t<\/a>\n\t\t<a class=\"elementor-element elementor-element-c449cff e-con-full e-flex e-con e-child\" data-id=\"c449cff\" data-element_type=\"container\" href=\"https:\/\/dataserv-mz.com\/index.php\/cloud-computing\/\">\n\t\t\t\t<div class=\"elementor-element elementor-element-60f846c elementor-widget elementor-widget-heading\" data-id=\"60f846c\" data-element_type=\"widget\" data-widget_type=\"heading.default\">\n\t\t\t\t<div class=\"elementor-widget-container\">\n\t\t\t\t\t<h2 class=\"elementor-heading-title elementor-size-default\">Cloud Computing<\/h2>\t\t\t\t<\/div>\n\t\t\t\t<\/div>\n\t\t\t\t<\/a>\n\t\t<a class=\"elementor-element elementor-element-0538ddc e-con-full e-flex e-con e-child\" data-id=\"0538ddc\" data-element_type=\"container\" href=\"https:\/\/dataserv-mz.com\/index.php\/gestao-de-impressao\/\">\n\t\t\t\t<div class=\"elementor-element elementor-element-ecbacbf elementor-widget elementor-widget-heading\" data-id=\"ecbacbf\" data-element_type=\"widget\" data-widget_type=\"heading.default\">\n\t\t\t\t<div class=\"elementor-widget-container\">\n\t\t\t\t\t<h2 class=\"elementor-heading-title elementor-size-default\">Gest\u00e3o de Impress\u00e3o<\/h2>\t\t\t\t<\/div>\n\t\t\t\t<\/div>\n\t\t\t\t<\/a>\n\t\t<a class=\"elementor-element elementor-element-bd2bbea e-con-full e-flex e-con e-child\" data-id=\"bd2bbea\" data-element_type=\"container\" href=\"https:\/\/dataserv-mz.com\/index.php\/energia-limpa\/\">\n\t\t\t\t<div class=\"elementor-element elementor-element-37b7ecc elementor-widget elementor-widget-heading\" data-id=\"37b7ecc\" data-element_type=\"widget\" data-widget_type=\"heading.default\">\n\t\t\t\t<div class=\"elementor-widget-container\">\n\t\t\t\t\t<h2 class=\"elementor-heading-title elementor-size-default\">Energia Limpa<\/h2>\t\t\t\t<\/div>\n\t\t\t\t<\/div>\n\t\t\t\t<\/a>\n\t\t<a class=\"elementor-element elementor-element-82c6ce1 e-con-full e-flex e-con e-child\" data-id=\"82c6ce1\" data-element_type=\"container\" href=\"https:\/\/dataserv-mz.com\/index.php\/infraestrutura-e-redes\/\">\n\t\t\t\t<div class=\"elementor-element elementor-element-cdb6d8f elementor-widget elementor-widget-heading\" data-id=\"cdb6d8f\" data-element_type=\"widget\" data-widget_type=\"heading.default\">\n\t\t\t\t<div class=\"elementor-widget-container\">\n\t\t\t\t\t<h2 class=\"elementor-heading-title elementor-size-default\">Infraestruturas e Redes<\/h2>\t\t\t\t<\/div>\n\t\t\t\t<\/div>\n\t\t\t\t<\/a>\n\t\t<a class=\"elementor-element elementor-element-fd2a896 e-con-full e-flex e-con e-child\" data-id=\"fd2a896\" data-element_type=\"container\">\n\t\t\t\t<div class=\"elementor-element elementor-element-83b1796 elementor-widget elementor-widget-heading\" data-id=\"83b1796\" data-element_type=\"widget\" data-widget_type=\"heading.default\">\n\t\t\t\t<div class=\"elementor-widget-container\">\n\t\t\t\t\t<h2 class=\"elementor-heading-title elementor-size-default\">Controlo de Acessos<\/h2>\t\t\t\t<\/div>\n\t\t\t\t<\/div>\n\t\t\t\t<\/a>\n\t\t<a class=\"elementor-element elementor-element-e5e9733 e-con-full e-flex e-con e-child\" data-id=\"e5e9733\" data-element_type=\"container\" href=\"https:\/\/dataserv-mz.com\/index.php\/gestao-e-base-de-dados\/\">\n\t\t\t\t<div class=\"elementor-element elementor-element-21618a8 elementor-widget elementor-widget-heading\" data-id=\"21618a8\" data-element_type=\"widget\" data-widget_type=\"heading.default\">\n\t\t\t\t<div class=\"elementor-widget-container\">\n\t\t\t\t\t<h2 class=\"elementor-heading-title elementor-size-default\">Gest\u00e3o e Base de Dados<\/h2>\t\t\t\t<\/div>\n\t\t\t\t<\/div>\n\t\t\t\t<\/a>\n\t\t<a class=\"elementor-element elementor-element-cf0b181 e-con-full e-flex e-con e-child\" data-id=\"cf0b181\" data-element_type=\"container\" href=\"https:\/\/dataserv-mz.com\/index.php\/comunicacoes-unificadas\/\">\n\t\t\t\t<div class=\"elementor-element elementor-element-4c62914 elementor-widget elementor-widget-heading\" data-id=\"4c62914\" data-element_type=\"widget\" data-widget_type=\"heading.default\">\n\t\t\t\t<div class=\"elementor-widget-container\">\n\t\t\t\t\t<h2 class=\"elementor-heading-title elementor-size-default\">Comunica\u00e7\u00f5es Unificadas<\/h2>\t\t\t\t<\/div>\n\t\t\t\t<\/div>\n\t\t\t\t<\/a>\n\t\t<a class=\"elementor-element elementor-element-ec1350d e-con-full e-flex e-con e-child\" data-id=\"ec1350d\" data-element_type=\"container\" href=\"https:\/\/dataserv-mz.com\/index.php\/seguranca-informatica\/\">\n\t\t\t\t<div class=\"elementor-element elementor-element-3cd7713 elementor-widget elementor-widget-heading\" data-id=\"3cd7713\" data-element_type=\"widget\" data-widget_type=\"heading.default\">\n\t\t\t\t<div class=\"elementor-widget-container\">\n\t\t\t\t\t<h2 class=\"elementor-heading-title elementor-size-default\">Seguran\u00e7a Inform\u00e1tica<\/h2>\t\t\t\t<\/div>\n\t\t\t\t<\/div>\n\t\t\t\t<\/a>\n\t\t<a class=\"elementor-element elementor-element-16047d8 e-con-full e-flex e-con e-child\" data-id=\"16047d8\" data-element_type=\"container\" href=\"https:\/\/dataserv-mz.com\/index.php\/virtualizacao\/\">\n\t\t\t\t<div class=\"elementor-element elementor-element-55c6b4f elementor-widget elementor-widget-heading\" data-id=\"55c6b4f\" data-element_type=\"widget\" data-widget_type=\"heading.default\">\n\t\t\t\t<div class=\"elementor-widget-container\">\n\t\t\t\t\t<h2 class=\"elementor-heading-title elementor-size-default\">Virtualiza\u00e7\u00e3o<\/h2>\t\t\t\t<\/div>\n\t\t\t\t<\/div>\n\t\t\t\t<\/a>\n\t\t\t\t<\/div>\n\t\t\t\t<\/div>\n\t\t\t\t\t<\/div>\n\t\t\t\t<\/div>\n\t\t<div class=\"elementor-element elementor-element-dd8e0eb e-flex e-con-boxed e-con e-parent\" data-id=\"dd8e0eb\" data-element_type=\"container\">\n\t\t\t\t\t<div class=\"e-con-inner\">\n\t\t<div class=\"elementor-element elementor-element-b011cde e-con-full e-flex e-con e-child\" data-id=\"b011cde\" data-element_type=\"container\">\n\t\t<div class=\"elementor-element elementor-element-048c97c e-con-full e-flex e-con e-child\" data-id=\"048c97c\" data-element_type=\"container\">\n\t\t\t\t<div class=\"elementor-element elementor-element-24dcc92 elementor-widget-divider--view-line elementor-widget elementor-widget-divider\" data-id=\"24dcc92\" data-element_type=\"widget\" data-widget_type=\"divider.default\">\n\t\t\t\t<div class=\"elementor-widget-container\">\n\t\t\t\t\t\t\t<div class=\"elementor-divider\">\n\t\t\t<span class=\"elementor-divider-separator\">\n\t\t\t\t\t\t<\/span>\n\t\t<\/div>\n\t\t\t\t\t\t<\/div>\n\t\t\t\t<\/div>\n\t\t\t\t<\/div>\n\t\t<div class=\"elementor-element elementor-element-052e1c4 e-con-full e-flex e-con e-child\" data-id=\"052e1c4\" data-element_type=\"container\">\n\t\t\t\t<div class=\"elementor-element elementor-element-84d7f94 elementor-widget elementor-widget-heading\" data-id=\"84d7f94\" data-element_type=\"widget\" data-widget_type=\"heading.default\">\n\t\t\t\t<div class=\"elementor-widget-container\">\n\t\t\t\t\t<h2 class=\"elementor-heading-title elementor-size-default\">Comunica\u00e7\u00f5es Unificadas<\/h2>\t\t\t\t<\/div>\n\t\t\t\t<\/div>\n\t\t\t\t<\/div>\n\t\t<div class=\"elementor-element elementor-element-7bb583f e-con-full e-flex e-con e-child\" data-id=\"7bb583f\" data-element_type=\"container\">\n\t\t\t\t<div class=\"elementor-element elementor-element-17e42bd elementor-widget-divider--view-line elementor-widget elementor-widget-divider\" data-id=\"17e42bd\" data-element_type=\"widget\" data-widget_type=\"divider.default\">\n\t\t\t\t<div class=\"elementor-widget-container\">\n\t\t\t\t\t\t\t<div class=\"elementor-divider\">\n\t\t\t<span class=\"elementor-divider-separator\">\n\t\t\t\t\t\t<\/span>\n\t\t<\/div>\n\t\t\t\t\t\t<\/div>\n\t\t\t\t<\/div>\n\t\t\t\t<\/div>\n\t\t\t\t<\/div>\n\t\t<div class=\"elementor-element elementor-element-28297cd e-con-full e-flex e-con e-child\" data-id=\"28297cd\" data-element_type=\"container\">\n\t\t<div class=\"elementor-element elementor-element-7d7c3e3 e-con-full e-flex e-con e-child\" data-id=\"7d7c3e3\" data-element_type=\"container\" data-settings=\"{&quot;background_background&quot;:&quot;classic&quot;}\">\n\t\t\t\t<\/div>\n\t\t<div class=\"elementor-element elementor-element-99b5259 e-con-full e-flex e-con e-child\" data-id=\"99b5259\" data-element_type=\"container\">\n\t\t\t\t<div class=\"elementor-element elementor-element-f0894d5 elementor-widget elementor-widget-text-editor\" data-id=\"f0894d5\" data-element_type=\"widget\" data-widget_type=\"text-editor.default\">\n\t\t\t\t<div class=\"elementor-widget-container\">\n\t\t\t\t\t\t\t\t\t<p>Comunica\u00e7\u00f5es unificadas descreve a integra\u00e7\u00e3o de servi\u00e7os de comunica\u00e7\u00e3o empresarial em tempo real, como mensagens instant\u00e2neas (chat), informa\u00e7\u00f5es de presen\u00e7a, voz (incluindo telefonia IP), \u00e1udio, web e videoconfer\u00eancia, compartilhamento de \u00e1rea de trabalho, compartilhamento de dados, controle de chamadas, etc.<\/p><p>\u00a0<\/p><p>As Comunca\u00e7\u00f5es Unificadas fornecem uma interface de usu\u00e1rio unificada consistente e experi\u00eancia de usu\u00e1rio em v\u00e1rios dispositivos e tipos de m\u00eddia.<\/p>\t\t\t\t\t\t\t\t<\/div>\n\t\t\t\t<\/div>\n\t\t\t\t<\/div>\n\t\t\t\t<\/div>\n\t\t\t\t\t<\/div>\n\t\t\t\t<\/div>\n\t\t\t\t<\/div>\n\t\t","protected":false},"excerpt":{"rendered":"<p>Solu\u00e7\u00f5es Empresariais Datacenters Cloud Computing Gest\u00e3o de Impress\u00e3o Energia Limpa Infraestruturas e Redes Controlo de Acessos Gest\u00e3o e Base de Dados Comunica\u00e7\u00f5es Unificadas Seguran\u00e7a Inform\u00e1tica Virtualiza\u00e7\u00e3o Comunica\u00e7\u00f5es Unificadas Comunica\u00e7\u00f5es unificadas descreve a integra\u00e7\u00e3o de servi\u00e7os de comunica\u00e7\u00e3o empresarial em tempo real, como mensagens instant\u00e2neas (chat), informa\u00e7\u00f5es de presen\u00e7a, voz (incluindo telefonia IP), \u00e1udio, web e [&hellip;]<\/p>\n","protected":false},"author":1,"featured_media":0,"parent":0,"menu_order":0,"comment_status":"closed","ping_status":"closed","template":"","meta":{"footnotes":""},"class_list":["post-721","page","type-page","status-publish","hentry"],"_links":{"self":[{"href":"https:\/\/dataserv-mz.com\/index.php\/wp-json\/wp\/v2\/pages\/721","targetHints":{"allow":["GET"]}}],"collection":[{"href":"https:\/\/dataserv-mz.com\/index.php\/wp-json\/wp\/v2\/pages"}],"about":[{"href":"https:\/\/dataserv-mz.com\/index.php\/wp-json\/wp\/v2\/types\/page"}],"author":[{"embeddable":true,"href":"https:\/\/dataserv-mz.com\/index.php\/wp-json\/wp\/v2\/users\/1"}],"replies":[{"embeddable":true,"href":"https:\/\/dataserv-mz.com\/index.php\/wp-json\/wp\/v2\/comments?post=721"}],"version-history":[{"count":51,"href":"https:\/\/dataserv-mz.com\/index.php\/wp-json\/wp\/v2\/pages\/721\/revisions"}],"predecessor-version":[{"id":2652,"href":"https:\/\/dataserv-mz.com\/index.php\/wp-json\/wp\/v2\/pages\/721\/revisions\/2652"}],"wp:attachment":[{"href":"https:\/\/dataserv-mz.com\/index.php\/wp-json\/wp\/v2\/media?parent=721"}],"curies":[{"name":"wp","href":"https:\/\/api.w.org\/{rel}","templated":true}]}}