{"id":729,"date":"2025-06-02T07:02:01","date_gmt":"2025-06-02T07:02:01","guid":{"rendered":"http:\/\/10.1.5.50\/dataservWeb\/?page_id=729"},"modified":"2025-10-22T08:46:32","modified_gmt":"2025-10-22T08:46:32","slug":"gestao-de-impressao","status":"publish","type":"page","link":"https:\/\/dataserv-mz.com\/index.php\/gestao-de-impressao\/","title":{"rendered":"Gest\u00e3o de Impress\u00e3o"},"content":{"rendered":"\t\t<div data-elementor-type=\"wp-page\" data-elementor-id=\"729\" class=\"elementor elementor-729\">\n\t\t\t\t<div class=\"elementor-element elementor-element-1b68b10 e-flex e-con-boxed e-con e-parent\" data-id=\"1b68b10\" data-element_type=\"container\" data-settings=\"{&quot;background_background&quot;:&quot;classic&quot;}\">\n\t\t\t\t\t<div class=\"e-con-inner\">\n\t\t\t\t<div class=\"elementor-element elementor-element-e876964 elementor-widget elementor-widget-heading\" data-id=\"e876964\" data-element_type=\"widget\" data-widget_type=\"heading.default\">\n\t\t\t\t<div class=\"elementor-widget-container\">\n\t\t\t\t\t<h2 class=\"elementor-heading-title elementor-size-default\">Solu\u00e7\u00f5es Empresariais<\/h2>\t\t\t\t<\/div>\n\t\t\t\t<\/div>\n\t\t\t\t<div class=\"elementor-element elementor-element-3c0dbc7 elementor-widget-divider--view-line elementor-widget elementor-widget-divider\" data-id=\"3c0dbc7\" data-element_type=\"widget\" data-widget_type=\"divider.default\">\n\t\t\t\t<div class=\"elementor-widget-container\">\n\t\t\t\t\t\t\t<div class=\"elementor-divider\">\n\t\t\t<span class=\"elementor-divider-separator\">\n\t\t\t\t\t\t<\/span>\n\t\t<\/div>\n\t\t\t\t\t\t<\/div>\n\t\t\t\t<\/div>\n\t\t<div class=\"elementor-element elementor-element-efb91c2 e-flex e-con-boxed e-con e-child\" data-id=\"efb91c2\" data-element_type=\"container\" data-settings=\"{&quot;background_background&quot;:&quot;classic&quot;}\">\n\t\t\t\t\t<div class=\"e-con-inner\">\n\t\t<div class=\"elementor-element elementor-element-a0c873e e-grid e-con-full e-con e-child\" data-id=\"a0c873e\" data-element_type=\"container\">\n\t\t<a class=\"elementor-element elementor-element-67d0230 e-con-full e-flex e-con e-child\" data-id=\"67d0230\" data-element_type=\"container\" href=\"https:\/\/dataserv-mz.com\/index.php\/solucoes-empresariais\/\">\n\t\t\t\t<div class=\"elementor-element elementor-element-806ce88 elementor-widget elementor-widget-heading\" data-id=\"806ce88\" data-element_type=\"widget\" data-widget_type=\"heading.default\">\n\t\t\t\t<div class=\"elementor-widget-container\">\n\t\t\t\t\t<h2 class=\"elementor-heading-title elementor-size-default\">Infraestruturas de Datacenter<\/h2>\t\t\t\t<\/div>\n\t\t\t\t<\/div>\n\t\t\t\t<\/a>\n\t\t<a class=\"elementor-element elementor-element-76722d2 e-con-full e-flex e-con e-child\" data-id=\"76722d2\" data-element_type=\"container\" href=\"https:\/\/dataserv-mz.com\/index.php\/gestao-e-base-de-dados\/\">\n\t\t\t\t<div class=\"elementor-element elementor-element-d9271a5 elementor-widget elementor-widget-heading\" data-id=\"d9271a5\" data-element_type=\"widget\" data-widget_type=\"heading.default\">\n\t\t\t\t<div class=\"elementor-widget-container\">\n\t\t\t\t\t<h2 class=\"elementor-heading-title elementor-size-default\">Compute e Storage<\/h2>\t\t\t\t<\/div>\n\t\t\t\t<\/div>\n\t\t\t\t<\/a>\n\t\t<a class=\"elementor-element elementor-element-87504a5 e-con-full e-flex e-con e-child\" data-id=\"87504a5\" data-element_type=\"container\" href=\"https:\/\/dataserv-mz.com\/index.php\/gestao-de-impressao\/\">\n\t\t\t\t<div class=\"elementor-element elementor-element-db42fd0 elementor-widget elementor-widget-heading\" data-id=\"db42fd0\" data-element_type=\"widget\" data-widget_type=\"heading.default\">\n\t\t\t\t<div class=\"elementor-widget-container\">\n\t\t\t\t\t<h2 class=\"elementor-heading-title elementor-size-default\">MPS - Gest\u00e3o de Impress\u00e3o<\/h2>\t\t\t\t<\/div>\n\t\t\t\t<\/div>\n\t\t\t\t<\/a>\n\t\t<a class=\"elementor-element elementor-element-d653371 e-con-full e-flex e-con e-child\" data-id=\"d653371\" data-element_type=\"container\" href=\"https:\/\/dataserv-mz.com\/index.php\/cloud-computing\/\">\n\t\t\t\t<div class=\"elementor-element elementor-element-694feec elementor-widget elementor-widget-heading\" data-id=\"694feec\" data-element_type=\"widget\" data-widget_type=\"heading.default\">\n\t\t\t\t<div class=\"elementor-widget-container\">\n\t\t\t\t\t<h2 class=\"elementor-heading-title elementor-size-default\">Co location e Hosting\n<\/h2>\t\t\t\t<\/div>\n\t\t\t\t<\/div>\n\t\t\t\t<\/a>\n\t\t<a class=\"elementor-element elementor-element-7f54258 e-con-full e-flex e-con e-child\" data-id=\"7f54258\" data-element_type=\"container\" href=\"https:\/\/dataserv-mz.com\/index.php\/infraestrutura-e-redes\/\">\n\t\t\t\t<div class=\"elementor-element elementor-element-f1d613c elementor-widget elementor-widget-heading\" data-id=\"f1d613c\" data-element_type=\"widget\" data-widget_type=\"heading.default\">\n\t\t\t\t<div class=\"elementor-widget-container\">\n\t\t\t\t\t<h2 class=\"elementor-heading-title elementor-size-default\">Redes e comunica\u00e7\u00f5es unificadas<\/h2>\t\t\t\t<\/div>\n\t\t\t\t<\/div>\n\t\t\t\t<\/a>\n\t\t<a class=\"elementor-element elementor-element-4d390f8 e-con-full e-flex e-con e-child\" data-id=\"4d390f8\" data-element_type=\"container\">\n\t\t\t\t<div class=\"elementor-element elementor-element-428185f elementor-widget elementor-widget-heading\" data-id=\"428185f\" data-element_type=\"widget\" data-widget_type=\"heading.default\">\n\t\t\t\t<div class=\"elementor-widget-container\">\n\t\t\t\t\t<h2 class=\"elementor-heading-title elementor-size-default\">Rob\u00f3tica &amp; IA\n<\/h2>\t\t\t\t<\/div>\n\t\t\t\t<\/div>\n\t\t\t\t<\/a>\n\t\t<a class=\"elementor-element elementor-element-d09de9b e-con-full e-flex e-con e-child\" data-id=\"d09de9b\" data-element_type=\"container\">\n\t\t\t\t<div class=\"elementor-element elementor-element-4d15a5b elementor-widget elementor-widget-heading\" data-id=\"4d15a5b\" data-element_type=\"widget\" data-widget_type=\"heading.default\">\n\t\t\t\t<div class=\"elementor-widget-container\">\n\t\t\t\t\t<h2 class=\"elementor-heading-title elementor-size-default\">Sistemas de Gest\u00e3o Empresarial<\/h2>\t\t\t\t<\/div>\n\t\t\t\t<\/div>\n\t\t\t\t<\/a>\n\t\t<a class=\"elementor-element elementor-element-2985e76 e-con-full e-flex e-con e-child\" data-id=\"2985e76\" data-element_type=\"container\">\n\t\t\t\t<div class=\"elementor-element elementor-element-6eddcc1 elementor-widget elementor-widget-heading\" data-id=\"6eddcc1\" data-element_type=\"widget\" data-widget_type=\"heading.default\">\n\t\t\t\t<div class=\"elementor-widget-container\">\n\t\t\t\t\t<h2 class=\"elementor-heading-title elementor-size-default\">Office e Colabora\u00e7\u00e3o<\/h2>\t\t\t\t<\/div>\n\t\t\t\t<\/div>\n\t\t\t\t<\/a>\n\t\t<a class=\"elementor-element elementor-element-1a1a9ab e-con-full e-flex e-con e-child\" data-id=\"1a1a9ab\" data-element_type=\"container\" href=\"https:\/\/dataserv-mz.com\/index.php\/seguranca-informatica\/\">\n\t\t\t\t<div class=\"elementor-element elementor-element-a795a3a elementor-widget elementor-widget-heading\" data-id=\"a795a3a\" data-element_type=\"widget\" data-widget_type=\"heading.default\">\n\t\t\t\t<div class=\"elementor-widget-container\">\n\t\t\t\t\t<h2 class=\"elementor-heading-title elementor-size-default\">Cybersecurity<\/h2>\t\t\t\t<\/div>\n\t\t\t\t<\/div>\n\t\t\t\t<\/a>\n\t\t<a class=\"elementor-element elementor-element-be05b20 e-con-full e-flex e-con e-child\" data-id=\"be05b20\" data-element_type=\"container\">\n\t\t\t\t<div class=\"elementor-element elementor-element-1175a01 elementor-widget elementor-widget-heading\" data-id=\"1175a01\" data-element_type=\"widget\" data-widget_type=\"heading.default\">\n\t\t\t\t<div class=\"elementor-widget-container\">\n\t\t\t\t\t<h2 class=\"elementor-heading-title elementor-size-default\">Assist\u00eancia T\u00e9cnica e Helpdesk<\/h2>\t\t\t\t<\/div>\n\t\t\t\t<\/div>\n\t\t\t\t<\/a>\n\t\t\t\t<\/div>\n\t\t\t\t\t<\/div>\n\t\t\t\t<\/div>\n\t\t\t\t\t<\/div>\n\t\t\t\t<\/div>\n\t\t<div class=\"elementor-element elementor-element-7e7bbb0 e-flex e-con-boxed e-con e-parent\" data-id=\"7e7bbb0\" data-element_type=\"container\">\n\t\t\t\t\t<div class=\"e-con-inner\">\n\t\t<div class=\"elementor-element elementor-element-b928ea7 e-con-full e-flex e-con e-child\" data-id=\"b928ea7\" data-element_type=\"container\">\n\t\t<div class=\"elementor-element elementor-element-df1ab07 e-con-full e-flex e-con e-child\" data-id=\"df1ab07\" data-element_type=\"container\">\n\t\t\t\t<div class=\"elementor-element elementor-element-4e39165 elementor-widget-divider--view-line elementor-widget elementor-widget-divider\" data-id=\"4e39165\" data-element_type=\"widget\" data-widget_type=\"divider.default\">\n\t\t\t\t<div class=\"elementor-widget-container\">\n\t\t\t\t\t\t\t<div class=\"elementor-divider\">\n\t\t\t<span class=\"elementor-divider-separator\">\n\t\t\t\t\t\t<\/span>\n\t\t<\/div>\n\t\t\t\t\t\t<\/div>\n\t\t\t\t<\/div>\n\t\t\t\t<\/div>\n\t\t<div class=\"elementor-element elementor-element-d21ec68 e-con-full e-flex e-con e-child\" data-id=\"d21ec68\" data-element_type=\"container\">\n\t\t\t\t<div class=\"elementor-element elementor-element-04292d3 elementor-widget elementor-widget-heading\" data-id=\"04292d3\" data-element_type=\"widget\" data-widget_type=\"heading.default\">\n\t\t\t\t<div class=\"elementor-widget-container\">\n\t\t\t\t\t<h2 class=\"elementor-heading-title elementor-size-default\">MPS - Gest\u00e3o de Impress\u00e3o<\/h2>\t\t\t\t<\/div>\n\t\t\t\t<\/div>\n\t\t\t\t<\/div>\n\t\t<div class=\"elementor-element elementor-element-31ed15c e-con-full e-flex e-con e-child\" data-id=\"31ed15c\" data-element_type=\"container\">\n\t\t\t\t<div class=\"elementor-element elementor-element-088ee27 elementor-widget-divider--view-line elementor-widget elementor-widget-divider\" data-id=\"088ee27\" data-element_type=\"widget\" data-widget_type=\"divider.default\">\n\t\t\t\t<div class=\"elementor-widget-container\">\n\t\t\t\t\t\t\t<div class=\"elementor-divider\">\n\t\t\t<span class=\"elementor-divider-separator\">\n\t\t\t\t\t\t<\/span>\n\t\t<\/div>\n\t\t\t\t\t\t<\/div>\n\t\t\t\t<\/div>\n\t\t\t\t<\/div>\n\t\t\t\t<\/div>\n\t\t<div class=\"elementor-element elementor-element-2b59da8 e-con-full e-flex e-con e-child\" data-id=\"2b59da8\" data-element_type=\"container\">\n\t\t<div class=\"elementor-element elementor-element-b323eaf e-con-full e-flex e-con e-child\" data-id=\"b323eaf\" data-element_type=\"container\" data-settings=\"{&quot;background_background&quot;:&quot;classic&quot;}\">\n\t\t\t\t<\/div>\n\t\t<div class=\"elementor-element elementor-element-19f30b0 e-con-full e-flex e-con e-child\" data-id=\"19f30b0\" data-element_type=\"container\">\n\t\t\t\t<div class=\"elementor-element elementor-element-c708109 elementor-widget elementor-widget-text-editor\" data-id=\"c708109\" data-element_type=\"widget\" data-widget_type=\"text-editor.default\">\n\t\t\t\t<div class=\"elementor-widget-container\">\n\t\t\t\t\t\t\t\t\t<p>A gest\u00e3o de servi\u00e7os de impress\u00e3o Dataserv engloba um ciclo completo para garantir um ambiente de impress\u00e3o que satisfa\u00e7a as necessidades da sua empresa.<\/p><p>\u00a0<\/p><p>Os servi\u00e7os a fornecidos s\u00e3o os seguintes:<\/p><p>\u00ac\u00a0Fornecimento de impressoras e consum\u00edveis;<br \/>\u00ac\u00a0Extens\u00e3o de garantia;<br \/>\u00ac\u00a0Fornecimento de kits de manuten\u00e7\u00e3o;<br \/>\u00ac\u00a0Gest\u00e3o do ambiente de impress\u00e3o;<br \/>\u00ac\u00a0Suporte e repara\u00e7\u00e3o dos equipamentos<\/p>\t\t\t\t\t\t\t\t<\/div>\n\t\t\t\t<\/div>\n\t\t\t\t<\/div>\n\t\t\t\t<\/div>\n\t\t\t\t\t<\/div>\n\t\t\t\t<\/div>\n\t\t<div class=\"elementor-element elementor-element-f70a15d e-flex e-con-boxed e-con e-parent\" data-id=\"f70a15d\" data-element_type=\"container\">\n\t\t\t\t\t<div class=\"e-con-inner\">\n\t\t<div class=\"elementor-element elementor-element-49259ce e-con-full e-flex e-con e-child\" data-id=\"49259ce\" data-element_type=\"container\">\n\t\t\t\t<div class=\"elementor-element elementor-element-217b6fe elementor-widget elementor-widget-heading\" data-id=\"217b6fe\" data-element_type=\"widget\" data-widget_type=\"heading.default\">\n\t\t\t\t<div class=\"elementor-widget-container\">\n\t\t\t\t\t<h2 class=\"elementor-heading-title elementor-size-default\">Parceiro<\/h2>\t\t\t\t<\/div>\n\t\t\t\t<\/div>\n\t\t\t\t<\/div>\n\t\t<div class=\"elementor-element elementor-element-cbae96e e-con-full e-flex e-con e-child\" data-id=\"cbae96e\" data-element_type=\"container\">\n\t\t<div class=\"elementor-element elementor-element-ff0f875 e-grid e-con-full e-con e-child\" data-id=\"ff0f875\" data-element_type=\"container\">\n\t\t<div class=\"elementor-element elementor-element-13bb94e e-con-full e-flex e-con e-child\" data-id=\"13bb94e\" data-element_type=\"container\">\n\t\t\t\t<\/div>\n\t\t\t\t<div class=\"elementor-element elementor-element-2f84f78 elementor-widget elementor-widget-image\" data-id=\"2f84f78\" data-element_type=\"widget\" data-widget_type=\"image.default\">\n\t\t\t\t<div class=\"elementor-widget-container\">\n\t\t\t\t\t\t\t\t\t\t\t\t\t\t\t<img decoding=\"async\" src=\"https:\/\/www.pngplay.com\/wp-content\/uploads\/9\/HP-Logo-Background-PNG-Image.png\" title=\"\" alt=\"\" loading=\"lazy\" \/>\t\t\t\t\t\t\t\t\t\t\t\t\t\t\t<\/div>\n\t\t\t\t<\/div>\n\t\t\t\t<\/div>\n\t\t\t\t<\/div>\n\t\t\t\t\t<\/div>\n\t\t\t\t<\/div>\n\t\t\t\t<\/div>\n\t\t","protected":false},"excerpt":{"rendered":"<p>Solu\u00e7\u00f5es Empresariais Infraestruturas de Datacenter Compute e Storage MPS &#8211; Gest\u00e3o de Impress\u00e3o Co location e Hosting Redes e comunica\u00e7\u00f5es unificadas Rob\u00f3tica &#038; IA Sistemas de Gest\u00e3o Empresarial Office e Colabora\u00e7\u00e3o Cybersecurity Assist\u00eancia T\u00e9cnica e Helpdesk MPS &#8211; Gest\u00e3o de Impress\u00e3o A gest\u00e3o de servi\u00e7os de impress\u00e3o Dataserv engloba um ciclo completo para garantir um [&hellip;]<\/p>\n","protected":false},"author":1,"featured_media":0,"parent":0,"menu_order":0,"comment_status":"closed","ping_status":"closed","template":"","meta":{"footnotes":""},"class_list":["post-729","page","type-page","status-publish","hentry"],"_links":{"self":[{"href":"https:\/\/dataserv-mz.com\/index.php\/wp-json\/wp\/v2\/pages\/729","targetHints":{"allow":["GET"]}}],"collection":[{"href":"https:\/\/dataserv-mz.com\/index.php\/wp-json\/wp\/v2\/pages"}],"about":[{"href":"https:\/\/dataserv-mz.com\/index.php\/wp-json\/wp\/v2\/types\/page"}],"author":[{"embeddable":true,"href":"https:\/\/dataserv-mz.com\/index.php\/wp-json\/wp\/v2\/users\/1"}],"replies":[{"embeddable":true,"href":"https:\/\/dataserv-mz.com\/index.php\/wp-json\/wp\/v2\/comments?post=729"}],"version-history":[{"count":67,"href":"https:\/\/dataserv-mz.com\/index.php\/wp-json\/wp\/v2\/pages\/729\/revisions"}],"predecessor-version":[{"id":3185,"href":"https:\/\/dataserv-mz.com\/index.php\/wp-json\/wp\/v2\/pages\/729\/revisions\/3185"}],"wp:attachment":[{"href":"https:\/\/dataserv-mz.com\/index.php\/wp-json\/wp\/v2\/media?parent=729"}],"curies":[{"name":"wp","href":"https:\/\/api.w.org\/{rel}","templated":true}]}}