{"id":734,"date":"2025-06-02T07:07:23","date_gmt":"2025-06-02T07:07:23","guid":{"rendered":"http:\/\/10.1.5.50\/dataservWeb\/?page_id=734"},"modified":"2025-10-22T08:53:17","modified_gmt":"2025-10-22T08:53:17","slug":"seguranca-informatica","status":"publish","type":"page","link":"https:\/\/dataserv-mz.com\/index.php\/seguranca-informatica\/","title":{"rendered":"Seguran\u00e7a Inform\u00e1tica"},"content":{"rendered":"\t\t<div data-elementor-type=\"wp-page\" data-elementor-id=\"734\" class=\"elementor elementor-734\">\n\t\t\t\t<div class=\"elementor-element elementor-element-5b96cd9 e-flex e-con-boxed e-con e-parent\" data-id=\"5b96cd9\" data-element_type=\"container\" data-settings=\"{&quot;background_background&quot;:&quot;classic&quot;}\">\n\t\t\t\t\t<div class=\"e-con-inner\">\n\t\t\t\t<div class=\"elementor-element elementor-element-78c68fb elementor-widget elementor-widget-heading\" data-id=\"78c68fb\" data-element_type=\"widget\" data-widget_type=\"heading.default\">\n\t\t\t\t<div class=\"elementor-widget-container\">\n\t\t\t\t\t<h2 class=\"elementor-heading-title elementor-size-default\">Solu\u00e7\u00f5es Empresariais<\/h2>\t\t\t\t<\/div>\n\t\t\t\t<\/div>\n\t\t\t\t<div class=\"elementor-element elementor-element-7d3146c elementor-widget-divider--view-line elementor-widget elementor-widget-divider\" data-id=\"7d3146c\" data-element_type=\"widget\" data-widget_type=\"divider.default\">\n\t\t\t\t<div class=\"elementor-widget-container\">\n\t\t\t\t\t\t\t<div class=\"elementor-divider\">\n\t\t\t<span class=\"elementor-divider-separator\">\n\t\t\t\t\t\t<\/span>\n\t\t<\/div>\n\t\t\t\t\t\t<\/div>\n\t\t\t\t<\/div>\n\t\t<div class=\"elementor-element elementor-element-5d7d1a7 e-flex e-con-boxed e-con e-child\" data-id=\"5d7d1a7\" data-element_type=\"container\" data-settings=\"{&quot;background_background&quot;:&quot;classic&quot;}\">\n\t\t\t\t\t<div class=\"e-con-inner\">\n\t\t<div class=\"elementor-element elementor-element-17da601 e-grid e-con-full e-con e-child\" data-id=\"17da601\" data-element_type=\"container\">\n\t\t<a class=\"elementor-element elementor-element-423471d e-con-full e-flex e-con e-child\" data-id=\"423471d\" data-element_type=\"container\" href=\"https:\/\/dataserv-mz.com\/index.php\/solucoes-empresariais\/\">\n\t\t\t\t<div class=\"elementor-element elementor-element-58d4ea1 elementor-widget elementor-widget-heading\" data-id=\"58d4ea1\" data-element_type=\"widget\" data-widget_type=\"heading.default\">\n\t\t\t\t<div class=\"elementor-widget-container\">\n\t\t\t\t\t<h2 class=\"elementor-heading-title elementor-size-default\">Infraestruturas de Datacenter<\/h2>\t\t\t\t<\/div>\n\t\t\t\t<\/div>\n\t\t\t\t<\/a>\n\t\t<a class=\"elementor-element elementor-element-7668c4d e-con-full e-flex e-con e-child\" data-id=\"7668c4d\" data-element_type=\"container\" href=\"https:\/\/dataserv-mz.com\/index.php\/gestao-e-base-de-dados\/\">\n\t\t\t\t<div class=\"elementor-element elementor-element-1bff426 elementor-widget elementor-widget-heading\" data-id=\"1bff426\" data-element_type=\"widget\" data-widget_type=\"heading.default\">\n\t\t\t\t<div class=\"elementor-widget-container\">\n\t\t\t\t\t<h2 class=\"elementor-heading-title elementor-size-default\">Compute e Storage<\/h2>\t\t\t\t<\/div>\n\t\t\t\t<\/div>\n\t\t\t\t<\/a>\n\t\t<a class=\"elementor-element elementor-element-6d94ae0 e-con-full e-flex e-con e-child\" data-id=\"6d94ae0\" data-element_type=\"container\" href=\"https:\/\/dataserv-mz.com\/index.php\/gestao-de-impressao\/\">\n\t\t\t\t<div class=\"elementor-element elementor-element-7fcdb61 elementor-widget elementor-widget-heading\" data-id=\"7fcdb61\" data-element_type=\"widget\" data-widget_type=\"heading.default\">\n\t\t\t\t<div class=\"elementor-widget-container\">\n\t\t\t\t\t<h2 class=\"elementor-heading-title elementor-size-default\">MPS - Gest\u00e3o de Impress\u00e3o<\/h2>\t\t\t\t<\/div>\n\t\t\t\t<\/div>\n\t\t\t\t<\/a>\n\t\t<a class=\"elementor-element elementor-element-71af90c e-con-full e-flex e-con e-child\" data-id=\"71af90c\" data-element_type=\"container\" href=\"https:\/\/dataserv-mz.com\/index.php\/cloud-computing\/\">\n\t\t\t\t<div class=\"elementor-element elementor-element-9de5cd2 elementor-widget elementor-widget-heading\" data-id=\"9de5cd2\" data-element_type=\"widget\" data-widget_type=\"heading.default\">\n\t\t\t\t<div class=\"elementor-widget-container\">\n\t\t\t\t\t<h2 class=\"elementor-heading-title elementor-size-default\">Co location e Hosting\n<\/h2>\t\t\t\t<\/div>\n\t\t\t\t<\/div>\n\t\t\t\t<\/a>\n\t\t<a class=\"elementor-element elementor-element-023247d e-con-full e-flex e-con e-child\" data-id=\"023247d\" data-element_type=\"container\" href=\"https:\/\/dataserv-mz.com\/index.php\/infraestrutura-e-redes\/\">\n\t\t\t\t<div class=\"elementor-element elementor-element-0826892 elementor-widget elementor-widget-heading\" data-id=\"0826892\" data-element_type=\"widget\" data-widget_type=\"heading.default\">\n\t\t\t\t<div class=\"elementor-widget-container\">\n\t\t\t\t\t<h2 class=\"elementor-heading-title elementor-size-default\">Redes e comunica\u00e7\u00f5es unificadas<\/h2>\t\t\t\t<\/div>\n\t\t\t\t<\/div>\n\t\t\t\t<\/a>\n\t\t<a class=\"elementor-element elementor-element-0a10840 e-con-full e-flex e-con e-child\" data-id=\"0a10840\" data-element_type=\"container\">\n\t\t\t\t<div class=\"elementor-element elementor-element-760792e elementor-widget elementor-widget-heading\" data-id=\"760792e\" data-element_type=\"widget\" data-widget_type=\"heading.default\">\n\t\t\t\t<div class=\"elementor-widget-container\">\n\t\t\t\t\t<h2 class=\"elementor-heading-title elementor-size-default\">Rob\u00f3tica &amp; IA\n<\/h2>\t\t\t\t<\/div>\n\t\t\t\t<\/div>\n\t\t\t\t<\/a>\n\t\t<a class=\"elementor-element elementor-element-70d7f41 e-con-full e-flex e-con e-child\" data-id=\"70d7f41\" data-element_type=\"container\">\n\t\t\t\t<div class=\"elementor-element elementor-element-25f7b84 elementor-widget elementor-widget-heading\" data-id=\"25f7b84\" data-element_type=\"widget\" data-widget_type=\"heading.default\">\n\t\t\t\t<div class=\"elementor-widget-container\">\n\t\t\t\t\t<h2 class=\"elementor-heading-title elementor-size-default\">Sistemas de Gest\u00e3o Empresarial<\/h2>\t\t\t\t<\/div>\n\t\t\t\t<\/div>\n\t\t\t\t<\/a>\n\t\t<a class=\"elementor-element elementor-element-f03fe14 e-con-full e-flex e-con e-child\" data-id=\"f03fe14\" data-element_type=\"container\">\n\t\t\t\t<div class=\"elementor-element elementor-element-8006a0a elementor-widget elementor-widget-heading\" data-id=\"8006a0a\" data-element_type=\"widget\" data-widget_type=\"heading.default\">\n\t\t\t\t<div class=\"elementor-widget-container\">\n\t\t\t\t\t<h2 class=\"elementor-heading-title elementor-size-default\">Office e Colabora\u00e7\u00e3o<\/h2>\t\t\t\t<\/div>\n\t\t\t\t<\/div>\n\t\t\t\t<\/a>\n\t\t<a class=\"elementor-element elementor-element-4e40ce7 e-con-full e-flex e-con e-child\" data-id=\"4e40ce7\" data-element_type=\"container\" href=\"https:\/\/dataserv-mz.com\/index.php\/seguranca-informatica\/\">\n\t\t\t\t<div class=\"elementor-element elementor-element-4a2e8d0 elementor-widget elementor-widget-heading\" data-id=\"4a2e8d0\" data-element_type=\"widget\" data-widget_type=\"heading.default\">\n\t\t\t\t<div class=\"elementor-widget-container\">\n\t\t\t\t\t<h2 class=\"elementor-heading-title elementor-size-default\">Cybersecurity<\/h2>\t\t\t\t<\/div>\n\t\t\t\t<\/div>\n\t\t\t\t<\/a>\n\t\t<a class=\"elementor-element elementor-element-ea69b7d e-con-full e-flex e-con e-child\" data-id=\"ea69b7d\" data-element_type=\"container\">\n\t\t\t\t<div class=\"elementor-element elementor-element-34141d2 elementor-widget elementor-widget-heading\" data-id=\"34141d2\" data-element_type=\"widget\" data-widget_type=\"heading.default\">\n\t\t\t\t<div class=\"elementor-widget-container\">\n\t\t\t\t\t<h2 class=\"elementor-heading-title elementor-size-default\">Assist\u00eancia T\u00e9cnica e Helpdesk<\/h2>\t\t\t\t<\/div>\n\t\t\t\t<\/div>\n\t\t\t\t<\/a>\n\t\t\t\t<\/div>\n\t\t\t\t\t<\/div>\n\t\t\t\t<\/div>\n\t\t\t\t\t<\/div>\n\t\t\t\t<\/div>\n\t\t<div class=\"elementor-element elementor-element-ce0786b e-flex e-con-boxed e-con e-parent\" data-id=\"ce0786b\" data-element_type=\"container\">\n\t\t\t\t\t<div class=\"e-con-inner\">\n\t\t<div class=\"elementor-element elementor-element-8983bc3 e-con-full e-flex e-con e-child\" data-id=\"8983bc3\" data-element_type=\"container\">\n\t\t<div class=\"elementor-element elementor-element-b4c8b4a e-con-full e-flex e-con e-child\" data-id=\"b4c8b4a\" data-element_type=\"container\">\n\t\t\t\t<div class=\"elementor-element elementor-element-8da5fb6 elementor-widget-divider--view-line elementor-widget elementor-widget-divider\" data-id=\"8da5fb6\" data-element_type=\"widget\" data-widget_type=\"divider.default\">\n\t\t\t\t<div class=\"elementor-widget-container\">\n\t\t\t\t\t\t\t<div class=\"elementor-divider\">\n\t\t\t<span class=\"elementor-divider-separator\">\n\t\t\t\t\t\t<\/span>\n\t\t<\/div>\n\t\t\t\t\t\t<\/div>\n\t\t\t\t<\/div>\n\t\t\t\t<\/div>\n\t\t<div class=\"elementor-element elementor-element-cd8853e e-con-full e-flex e-con e-child\" data-id=\"cd8853e\" data-element_type=\"container\">\n\t\t\t\t<div class=\"elementor-element elementor-element-7ea1847 elementor-widget elementor-widget-heading\" data-id=\"7ea1847\" data-element_type=\"widget\" data-widget_type=\"heading.default\">\n\t\t\t\t<div class=\"elementor-widget-container\">\n\t\t\t\t\t<h2 class=\"elementor-heading-title elementor-size-default\">Cybersecurity<\/h2>\t\t\t\t<\/div>\n\t\t\t\t<\/div>\n\t\t\t\t<\/div>\n\t\t<div class=\"elementor-element elementor-element-3995751 e-con-full e-flex e-con e-child\" data-id=\"3995751\" data-element_type=\"container\">\n\t\t\t\t<div class=\"elementor-element elementor-element-08dab49 elementor-widget-divider--view-line elementor-widget elementor-widget-divider\" data-id=\"08dab49\" data-element_type=\"widget\" data-widget_type=\"divider.default\">\n\t\t\t\t<div class=\"elementor-widget-container\">\n\t\t\t\t\t\t\t<div class=\"elementor-divider\">\n\t\t\t<span class=\"elementor-divider-separator\">\n\t\t\t\t\t\t<\/span>\n\t\t<\/div>\n\t\t\t\t\t\t<\/div>\n\t\t\t\t<\/div>\n\t\t\t\t<\/div>\n\t\t\t\t<\/div>\n\t\t\t\t\t<\/div>\n\t\t\t\t<\/div>\n\t\t<div class=\"elementor-element elementor-element-6d5ab66 e-flex e-con-boxed e-con e-parent\" data-id=\"6d5ab66\" data-element_type=\"container\">\n\t\t\t\t\t<div class=\"e-con-inner\">\n\t\t<div class=\"elementor-element elementor-element-7d17948 e-con-full e-flex e-con e-child\" data-id=\"7d17948\" data-element_type=\"container\" data-settings=\"{&quot;background_background&quot;:&quot;classic&quot;}\">\n\t\t\t\t<\/div>\n\t\t<div class=\"elementor-element elementor-element-cfc409b e-con-full e-flex e-con e-child\" data-id=\"cfc409b\" data-element_type=\"container\">\n\t\t\t\t<div class=\"elementor-element elementor-element-dacad6a elementor-widget elementor-widget-text-editor\" data-id=\"dacad6a\" data-element_type=\"widget\" data-widget_type=\"text-editor.default\">\n\t\t\t\t<div class=\"elementor-widget-container\">\n\t\t\t\t\t\t\t\t\t<p>Cybersecurity est\u00e1 diretamente relacionada com prote\u00e7\u00e3o de um conjunto de informa\u00e7\u00f5es, no sentido de preservar o valor que possuem para uma organiza\u00e7\u00e3o.<\/p><p>\u00a0<\/p><p>Oferecemos os seguintes servi\u00e7os:<\/p><p>\u00ac\u00a0IDS \u2013 Sistemas de Dete\u00e7\u00e3o de Intrus\u00e3o<br \/>\u00ac\u00a0VPN-Virtual Private Network<br \/>\u00ac\u00a0Firewall\u2019s<br \/>\u00ac\u00a0NAC- Network Access Control<br \/>\u00ac\u00a0Controlo de pol\u00edticas de acesso<br \/>\u00ac\u00a0Tele-vigil\u00e2ncia<br \/>\u00ac\u00a0Monitoriza\u00e7\u00e3o de sistemas<\/p>\t\t\t\t\t\t\t\t<\/div>\n\t\t\t\t<\/div>\n\t\t\t\t<\/div>\n\t\t\t\t\t<\/div>\n\t\t\t\t<\/div>\n\t\t<div class=\"elementor-element elementor-element-a7f57af e-flex e-con-boxed e-con e-parent\" data-id=\"a7f57af\" data-element_type=\"container\">\n\t\t\t\t\t<div class=\"e-con-inner\">\n\t\t<div class=\"elementor-element elementor-element-9ca6089 e-con-full e-flex e-con e-child\" data-id=\"9ca6089\" data-element_type=\"container\">\n\t\t\t\t<div class=\"elementor-element elementor-element-daa7777 elementor-widget elementor-widget-heading\" data-id=\"daa7777\" data-element_type=\"widget\" data-widget_type=\"heading.default\">\n\t\t\t\t<div class=\"elementor-widget-container\">\n\t\t\t\t\t<h2 class=\"elementor-heading-title elementor-size-default\">Parceiro<\/h2>\t\t\t\t<\/div>\n\t\t\t\t<\/div>\n\t\t\t\t<\/div>\n\t\t<div class=\"elementor-element elementor-element-28fcbc2 e-con-full e-flex e-con e-child\" data-id=\"28fcbc2\" data-element_type=\"container\">\n\t\t<div class=\"elementor-element elementor-element-a9f090f e-grid e-con-full e-con e-child\" data-id=\"a9f090f\" data-element_type=\"container\">\n\t\t\t\t<div class=\"elementor-element elementor-element-0c2453b elementor-widget elementor-widget-image\" data-id=\"0c2453b\" data-element_type=\"widget\" data-widget_type=\"image.default\">\n\t\t\t\t<div class=\"elementor-widget-container\">\n\t\t\t\t\t\t\t\t\t\t\t\t\t\t\t<img decoding=\"async\" src=\"http:\/\/10.1.5.50\/dataservWeb\/wp-content\/uploads\/2025\/05\/Sophos_Top-Banner.png\" title=\"\" alt=\"\" loading=\"lazy\" \/>\t\t\t\t\t\t\t\t\t\t\t\t\t\t\t<\/div>\n\t\t\t\t<\/div>\n\t\t\t\t<div class=\"elementor-element elementor-element-aa8daa8 elementor-widget elementor-widget-image\" data-id=\"aa8daa8\" data-element_type=\"widget\" data-widget_type=\"image.default\">\n\t\t\t\t<div class=\"elementor-widget-container\">\n\t\t\t\t\t\t\t\t\t\t\t\t\t\t\t<img decoding=\"async\" src=\"http:\/\/10.1.5.50\/dataservWeb\/wp-content\/uploads\/2025\/05\/Kaspersky_Lab_logo.svg.png\" title=\"\" alt=\"\" loading=\"lazy\" \/>\t\t\t\t\t\t\t\t\t\t\t\t\t\t\t<\/div>\n\t\t\t\t<\/div>\n\t\t\t\t<div class=\"elementor-element elementor-element-3cca77b elementor-widget elementor-widget-image\" data-id=\"3cca77b\" data-element_type=\"widget\" data-widget_type=\"image.default\">\n\t\t\t\t<div class=\"elementor-widget-container\">\n\t\t\t\t\t\t\t\t\t\t\t\t\t\t\t<img decoding=\"async\" width=\"300\" height=\"82\" src=\"https:\/\/dataserv-mz.com\/wp-content\/uploads\/2025\/05\/Symantec_logo-300x82.png\" class=\"attachment-medium size-medium wp-image-376\" alt=\"\" srcset=\"https:\/\/dataserv-mz.com\/wp-content\/uploads\/2025\/05\/Symantec_logo-300x82.png 300w, https:\/\/dataserv-mz.com\/wp-content\/uploads\/2025\/05\/Symantec_logo-1024x281.png 1024w, https:\/\/dataserv-mz.com\/wp-content\/uploads\/2025\/05\/Symantec_logo-768x210.png 768w, https:\/\/dataserv-mz.com\/wp-content\/uploads\/2025\/05\/Symantec_logo-1536x421.png 1536w, https:\/\/dataserv-mz.com\/wp-content\/uploads\/2025\/05\/Symantec_logo-2048x561.png 2048w\" sizes=\"(max-width: 300px) 100vw, 300px\" \/>\t\t\t\t\t\t\t\t\t\t\t\t\t\t\t<\/div>\n\t\t\t\t<\/div>\n\t\t\t\t<div class=\"elementor-element elementor-element-61d746b elementor-widget elementor-widget-image\" data-id=\"61d746b\" data-element_type=\"widget\" data-widget_type=\"image.default\">\n\t\t\t\t<div class=\"elementor-widget-container\">\n\t\t\t\t\t\t\t\t\t\t\t\t\t\t\t<img decoding=\"async\" src=\"http:\/\/10.1.5.50\/dataservWeb\/wp-content\/uploads\/2025\/05\/HP-Logo-2012-scaled.png\" title=\"\" alt=\"\" loading=\"lazy\" \/>\t\t\t\t\t\t\t\t\t\t\t\t\t\t\t<\/div>\n\t\t\t\t<\/div>\n\t\t\t\t<\/div>\n\t\t\t\t<\/div>\n\t\t\t\t\t<\/div>\n\t\t\t\t<\/div>\n\t\t\t\t<\/div>\n\t\t","protected":false},"excerpt":{"rendered":"<p>Solu\u00e7\u00f5es Empresariais Infraestruturas de Datacenter Compute e Storage MPS &#8211; Gest\u00e3o de Impress\u00e3o Co location e Hosting Redes e comunica\u00e7\u00f5es unificadas Rob\u00f3tica &#038; IA Sistemas de Gest\u00e3o Empresarial Office e Colabora\u00e7\u00e3o Cybersecurity Assist\u00eancia T\u00e9cnica e Helpdesk Cybersecurity Cybersecurity est\u00e1 diretamente relacionada com prote\u00e7\u00e3o de um conjunto de informa\u00e7\u00f5es, no sentido de preservar o valor que [&hellip;]<\/p>\n","protected":false},"author":1,"featured_media":0,"parent":0,"menu_order":0,"comment_status":"closed","ping_status":"closed","template":"","meta":{"footnotes":""},"class_list":["post-734","page","type-page","status-publish","hentry"],"_links":{"self":[{"href":"https:\/\/dataserv-mz.com\/index.php\/wp-json\/wp\/v2\/pages\/734","targetHints":{"allow":["GET"]}}],"collection":[{"href":"https:\/\/dataserv-mz.com\/index.php\/wp-json\/wp\/v2\/pages"}],"about":[{"href":"https:\/\/dataserv-mz.com\/index.php\/wp-json\/wp\/v2\/types\/page"}],"author":[{"embeddable":true,"href":"https:\/\/dataserv-mz.com\/index.php\/wp-json\/wp\/v2\/users\/1"}],"replies":[{"embeddable":true,"href":"https:\/\/dataserv-mz.com\/index.php\/wp-json\/wp\/v2\/comments?post=734"}],"version-history":[{"count":50,"href":"https:\/\/dataserv-mz.com\/index.php\/wp-json\/wp\/v2\/pages\/734\/revisions"}],"predecessor-version":[{"id":3200,"href":"https:\/\/dataserv-mz.com\/index.php\/wp-json\/wp\/v2\/pages\/734\/revisions\/3200"}],"wp:attachment":[{"href":"https:\/\/dataserv-mz.com\/index.php\/wp-json\/wp\/v2\/media?parent=734"}],"curies":[{"name":"wp","href":"https:\/\/api.w.org\/{rel}","templated":true}]}}