{"id":739,"date":"2025-06-02T07:11:20","date_gmt":"2025-06-02T07:11:20","guid":{"rendered":"http:\/\/10.1.5.50\/dataservWeb\/?page_id=739"},"modified":"2025-09-05T12:36:30","modified_gmt":"2025-09-05T12:36:30","slug":"energia-limpa","status":"publish","type":"page","link":"https:\/\/dataserv-mz.com\/index.php\/energia-limpa\/","title":{"rendered":"Energia Limpa"},"content":{"rendered":"\t\t<div data-elementor-type=\"wp-page\" data-elementor-id=\"739\" class=\"elementor elementor-739\">\n\t\t\t\t<div class=\"elementor-element elementor-element-59d6c3b e-flex e-con-boxed e-con e-parent\" data-id=\"59d6c3b\" data-element_type=\"container\" data-settings=\"{&quot;background_background&quot;:&quot;classic&quot;}\">\n\t\t\t\t\t<div class=\"e-con-inner\">\n\t\t\t\t<div class=\"elementor-element elementor-element-ae94d93 elementor-widget elementor-widget-heading\" data-id=\"ae94d93\" data-element_type=\"widget\" data-widget_type=\"heading.default\">\n\t\t\t\t<div class=\"elementor-widget-container\">\n\t\t\t\t\t<h2 class=\"elementor-heading-title elementor-size-default\">Solu\u00e7\u00f5es Empresariais<\/h2>\t\t\t\t<\/div>\n\t\t\t\t<\/div>\n\t\t\t\t<div class=\"elementor-element elementor-element-c3a1de6 elementor-widget-divider--view-line elementor-widget elementor-widget-divider\" data-id=\"c3a1de6\" data-element_type=\"widget\" data-widget_type=\"divider.default\">\n\t\t\t\t<div class=\"elementor-widget-container\">\n\t\t\t\t\t\t\t<div class=\"elementor-divider\">\n\t\t\t<span class=\"elementor-divider-separator\">\n\t\t\t\t\t\t<\/span>\n\t\t<\/div>\n\t\t\t\t\t\t<\/div>\n\t\t\t\t<\/div>\n\t\t\t\t\t<\/div>\n\t\t\t\t<\/div>\n\t\t<div class=\"elementor-element elementor-element-c042d7f e-flex e-con-boxed e-con e-parent\" data-id=\"c042d7f\" data-element_type=\"container\" data-settings=\"{&quot;background_background&quot;:&quot;classic&quot;}\">\n\t\t\t\t\t<div class=\"e-con-inner\">\n\t\t<div class=\"elementor-element elementor-element-a6aa816 e-grid e-con-full e-con e-child\" data-id=\"a6aa816\" data-element_type=\"container\">\n\t\t<a class=\"elementor-element elementor-element-f73062e e-con-full e-flex e-con e-child\" data-id=\"f73062e\" data-element_type=\"container\" href=\"https:\/\/dataserv-mz.com\/index.php\/solucoes-empresariais\/\">\n\t\t\t\t<div class=\"elementor-element elementor-element-91aac67 elementor-widget elementor-widget-heading\" data-id=\"91aac67\" data-element_type=\"widget\" data-widget_type=\"heading.default\">\n\t\t\t\t<div class=\"elementor-widget-container\">\n\t\t\t\t\t<h2 class=\"elementor-heading-title elementor-size-default\">Datacenters<\/h2>\t\t\t\t<\/div>\n\t\t\t\t<\/div>\n\t\t\t\t<\/a>\n\t\t<a class=\"elementor-element elementor-element-d8a31a1 e-con-full e-flex e-con e-child\" data-id=\"d8a31a1\" data-element_type=\"container\" href=\"https:\/\/dataserv-mz.com\/index.php\/cloud-computing\/\">\n\t\t\t\t<div class=\"elementor-element elementor-element-582081d elementor-widget elementor-widget-heading\" data-id=\"582081d\" data-element_type=\"widget\" data-widget_type=\"heading.default\">\n\t\t\t\t<div class=\"elementor-widget-container\">\n\t\t\t\t\t<h2 class=\"elementor-heading-title elementor-size-default\">Cloud Computing<\/h2>\t\t\t\t<\/div>\n\t\t\t\t<\/div>\n\t\t\t\t<\/a>\n\t\t<a class=\"elementor-element elementor-element-1816e6f e-con-full e-flex e-con e-child\" data-id=\"1816e6f\" data-element_type=\"container\" href=\"https:\/\/dataserv-mz.com\/index.php\/gestao-de-impressao\/\">\n\t\t\t\t<div class=\"elementor-element elementor-element-3e23ad6 elementor-widget elementor-widget-heading\" data-id=\"3e23ad6\" data-element_type=\"widget\" data-widget_type=\"heading.default\">\n\t\t\t\t<div class=\"elementor-widget-container\">\n\t\t\t\t\t<h2 class=\"elementor-heading-title elementor-size-default\">Gest\u00e3o de Impress\u00e3o<\/h2>\t\t\t\t<\/div>\n\t\t\t\t<\/div>\n\t\t\t\t<\/a>\n\t\t<a class=\"elementor-element elementor-element-491074d e-con-full e-flex e-con e-child\" data-id=\"491074d\" data-element_type=\"container\" href=\"https:\/\/dataserv-mz.com\/index.php\/energia-limpa\/\">\n\t\t\t\t<div class=\"elementor-element elementor-element-c8b8877 elementor-widget elementor-widget-heading\" data-id=\"c8b8877\" data-element_type=\"widget\" data-widget_type=\"heading.default\">\n\t\t\t\t<div class=\"elementor-widget-container\">\n\t\t\t\t\t<h2 class=\"elementor-heading-title elementor-size-default\">Energia Limpa<\/h2>\t\t\t\t<\/div>\n\t\t\t\t<\/div>\n\t\t\t\t<\/a>\n\t\t<a class=\"elementor-element elementor-element-3ee1bb7 e-con-full e-flex e-con e-child\" data-id=\"3ee1bb7\" data-element_type=\"container\" href=\"https:\/\/dataserv-mz.com\/index.php\/infraestrutura-e-redes\/\">\n\t\t\t\t<div class=\"elementor-element elementor-element-3d2cd59 elementor-widget elementor-widget-heading\" data-id=\"3d2cd59\" data-element_type=\"widget\" data-widget_type=\"heading.default\">\n\t\t\t\t<div class=\"elementor-widget-container\">\n\t\t\t\t\t<h2 class=\"elementor-heading-title elementor-size-default\">Infraestruturas e Redes<\/h2>\t\t\t\t<\/div>\n\t\t\t\t<\/div>\n\t\t\t\t<\/a>\n\t\t<a class=\"elementor-element elementor-element-ac37af5 e-con-full e-flex e-con e-child\" data-id=\"ac37af5\" data-element_type=\"container\">\n\t\t\t\t<div class=\"elementor-element elementor-element-d76c4e8 elementor-widget elementor-widget-heading\" data-id=\"d76c4e8\" data-element_type=\"widget\" data-widget_type=\"heading.default\">\n\t\t\t\t<div class=\"elementor-widget-container\">\n\t\t\t\t\t<h2 class=\"elementor-heading-title elementor-size-default\">Controlo de Acessos<\/h2>\t\t\t\t<\/div>\n\t\t\t\t<\/div>\n\t\t\t\t<\/a>\n\t\t<a class=\"elementor-element elementor-element-8d41bbe e-con-full e-flex e-con e-child\" data-id=\"8d41bbe\" data-element_type=\"container\" href=\"https:\/\/dataserv-mz.com\/index.php\/gestao-e-base-de-dados\/\">\n\t\t\t\t<div class=\"elementor-element elementor-element-c0ace13 elementor-widget elementor-widget-heading\" data-id=\"c0ace13\" data-element_type=\"widget\" data-widget_type=\"heading.default\">\n\t\t\t\t<div class=\"elementor-widget-container\">\n\t\t\t\t\t<h2 class=\"elementor-heading-title elementor-size-default\">Gest\u00e3o e Base de Dados<\/h2>\t\t\t\t<\/div>\n\t\t\t\t<\/div>\n\t\t\t\t<\/a>\n\t\t<a class=\"elementor-element elementor-element-c6a2b91 e-con-full e-flex e-con e-child\" data-id=\"c6a2b91\" data-element_type=\"container\" href=\"https:\/\/dataserv-mz.com\/index.php\/comunicacoes-unificadas\/\">\n\t\t\t\t<div class=\"elementor-element elementor-element-8a5c751 elementor-widget elementor-widget-heading\" data-id=\"8a5c751\" data-element_type=\"widget\" data-widget_type=\"heading.default\">\n\t\t\t\t<div class=\"elementor-widget-container\">\n\t\t\t\t\t<h2 class=\"elementor-heading-title elementor-size-default\">Comunica\u00e7\u00f5es Unificadas<\/h2>\t\t\t\t<\/div>\n\t\t\t\t<\/div>\n\t\t\t\t<\/a>\n\t\t<a class=\"elementor-element elementor-element-cde45b0 e-con-full e-flex e-con e-child\" data-id=\"cde45b0\" data-element_type=\"container\" href=\"https:\/\/dataserv-mz.com\/index.php\/seguranca-informatica\/\">\n\t\t\t\t<div class=\"elementor-element elementor-element-1e9e64b elementor-widget elementor-widget-heading\" data-id=\"1e9e64b\" data-element_type=\"widget\" data-widget_type=\"heading.default\">\n\t\t\t\t<div class=\"elementor-widget-container\">\n\t\t\t\t\t<h2 class=\"elementor-heading-title elementor-size-default\">Seguran\u00e7a Inform\u00e1tica<\/h2>\t\t\t\t<\/div>\n\t\t\t\t<\/div>\n\t\t\t\t<\/a>\n\t\t<a class=\"elementor-element elementor-element-c8a6c03 e-con-full e-flex e-con e-child\" data-id=\"c8a6c03\" data-element_type=\"container\" href=\"https:\/\/dataserv-mz.com\/index.php\/virtualizacao\/\">\n\t\t\t\t<div class=\"elementor-element elementor-element-ca9ac23 elementor-widget elementor-widget-heading\" data-id=\"ca9ac23\" data-element_type=\"widget\" data-widget_type=\"heading.default\">\n\t\t\t\t<div class=\"elementor-widget-container\">\n\t\t\t\t\t<h2 class=\"elementor-heading-title elementor-size-default\">Virtualiza\u00e7\u00e3o<\/h2>\t\t\t\t<\/div>\n\t\t\t\t<\/div>\n\t\t\t\t<\/a>\n\t\t\t\t<\/div>\n\t\t\t\t\t<\/div>\n\t\t\t\t<\/div>\n\t\t<div class=\"elementor-element elementor-element-9649575 e-flex e-con-boxed e-con e-parent\" data-id=\"9649575\" data-element_type=\"container\">\n\t\t\t\t\t<div class=\"e-con-inner\">\n\t\t<div class=\"elementor-element elementor-element-e39552c e-con-full e-flex e-con e-child\" data-id=\"e39552c\" data-element_type=\"container\">\n\t\t<div class=\"elementor-element elementor-element-d694d6e e-con-full e-flex e-con e-child\" data-id=\"d694d6e\" data-element_type=\"container\">\n\t\t\t\t<div class=\"elementor-element elementor-element-46ef52e elementor-widget-divider--view-line elementor-widget elementor-widget-divider\" data-id=\"46ef52e\" data-element_type=\"widget\" data-widget_type=\"divider.default\">\n\t\t\t\t<div class=\"elementor-widget-container\">\n\t\t\t\t\t\t\t<div class=\"elementor-divider\">\n\t\t\t<span class=\"elementor-divider-separator\">\n\t\t\t\t\t\t<\/span>\n\t\t<\/div>\n\t\t\t\t\t\t<\/div>\n\t\t\t\t<\/div>\n\t\t\t\t<\/div>\n\t\t<div class=\"elementor-element elementor-element-ae5dfa7 e-con-full e-flex e-con e-child\" data-id=\"ae5dfa7\" data-element_type=\"container\">\n\t\t\t\t<div class=\"elementor-element elementor-element-0517a3d elementor-widget elementor-widget-heading\" data-id=\"0517a3d\" data-element_type=\"widget\" data-widget_type=\"heading.default\">\n\t\t\t\t<div class=\"elementor-widget-container\">\n\t\t\t\t\t<h2 class=\"elementor-heading-title elementor-size-default\">Energia Limpa<\/h2>\t\t\t\t<\/div>\n\t\t\t\t<\/div>\n\t\t\t\t<\/div>\n\t\t<div class=\"elementor-element elementor-element-4868f1c e-con-full e-flex e-con e-child\" data-id=\"4868f1c\" data-element_type=\"container\">\n\t\t\t\t<div class=\"elementor-element elementor-element-6731c45 elementor-widget-divider--view-line elementor-widget elementor-widget-divider\" data-id=\"6731c45\" data-element_type=\"widget\" data-widget_type=\"divider.default\">\n\t\t\t\t<div class=\"elementor-widget-container\">\n\t\t\t\t\t\t\t<div class=\"elementor-divider\">\n\t\t\t<span class=\"elementor-divider-separator\">\n\t\t\t\t\t\t<\/span>\n\t\t<\/div>\n\t\t\t\t\t\t<\/div>\n\t\t\t\t<\/div>\n\t\t\t\t<\/div>\n\t\t\t\t<\/div>\n\t\t<div class=\"elementor-element elementor-element-b5435dd e-con-full e-flex e-con e-child\" data-id=\"b5435dd\" data-element_type=\"container\">\n\t\t<div class=\"elementor-element elementor-element-d53c4a3 e-con-full e-flex e-con e-child\" data-id=\"d53c4a3\" data-element_type=\"container\" data-settings=\"{&quot;background_background&quot;:&quot;classic&quot;}\">\n\t\t\t\t<\/div>\n\t\t<div class=\"elementor-element elementor-element-88a3a7d e-con-full e-flex e-con e-child\" data-id=\"88a3a7d\" data-element_type=\"container\">\n\t\t\t\t<div class=\"elementor-element elementor-element-92bf954 elementor-widget elementor-widget-text-editor\" data-id=\"92bf954\" data-element_type=\"widget\" data-widget_type=\"text-editor.default\">\n\t\t\t\t<div class=\"elementor-widget-container\">\n\t\t\t\t\t\t\t\t\t<p><b>Centro de dados <br \/><\/b>As nossas solu\u00e7\u00f5es para centro de dados protegem e otimizam centro de dados e redes para arquiteturas de Cloud e de grandes volumes de dados.<\/p><p>\u00a0<\/p><p><b>Sala de servidores<br \/><\/b>Os produtos para salas de servidores da APC s\u00e3o solu\u00e7\u00f5es de infraestrutura f\u00edsica escal\u00e1veis e adapt\u00e1veis para centros de dados e salas de TI. S\u00e3o r\u00e1pidos e f\u00e1ceis de configurar e implementar, e asseguram a manuten\u00e7\u00e3o da acessibilidade cr\u00edtica da sua empresa. Estas solu\u00e7\u00f5es completas e integradas possuem componentes de alimenta\u00e7\u00e3o, arrefecimento, bastidores, seguran\u00e7a e gest\u00e3o que s\u00e3o desenvolvidos para trabalharem em conjunto, integrando o design da sala de servidores e software de gest\u00e3o.<\/p><p>\u00a0<\/p><p><b>Dom\u00e9stica &#8211; Dispositivos de prote\u00e7\u00e3o de picos<br \/><\/b>Protec\u00e7\u00e3o contra cortes de energia danosos para aplica\u00e7\u00f5es residenciais, empresariais ou industriais.<\/p>\t\t\t\t\t\t\t\t<\/div>\n\t\t\t\t<\/div>\n\t\t\t\t<\/div>\n\t\t\t\t<\/div>\n\t\t\t\t\t<\/div>\n\t\t\t\t<\/div>\n\t\t<div class=\"elementor-element elementor-element-cf907e6 e-flex e-con-boxed e-con e-parent\" data-id=\"cf907e6\" data-element_type=\"container\" data-settings=\"{&quot;background_background&quot;:&quot;classic&quot;}\">\n\t\t\t\t\t<div class=\"e-con-inner\">\n\t\t<div class=\"elementor-element elementor-element-697894e e-con-full e-flex e-con e-child\" data-id=\"697894e\" data-element_type=\"container\">\n\t\t\t\t<div class=\"elementor-element elementor-element-4e1db27 elementor-widget elementor-widget-heading\" data-id=\"4e1db27\" data-element_type=\"widget\" data-widget_type=\"heading.default\">\n\t\t\t\t<div class=\"elementor-widget-container\">\n\t\t\t\t\t<h2 class=\"elementor-heading-title elementor-size-default\">Parceiro<\/h2>\t\t\t\t<\/div>\n\t\t\t\t<\/div>\n\t\t\t\t<\/div>\n\t\t<div class=\"elementor-element elementor-element-295558d e-grid e-con-full e-con e-child\" data-id=\"295558d\" data-element_type=\"container\">\n\t\t<div class=\"elementor-element elementor-element-ec36204 e-con-full e-flex e-con e-child\" data-id=\"ec36204\" data-element_type=\"container\">\n\t\t\t\t<\/div>\n\t\t\t\t<div class=\"elementor-element elementor-element-1ab5111 elementor-widget elementor-widget-image\" data-id=\"1ab5111\" data-element_type=\"widget\" data-widget_type=\"image.default\">\n\t\t\t\t<div class=\"elementor-widget-container\">\n\t\t\t\t\t\t\t\t\t\t\t\t\t\t\t<img decoding=\"async\" src=\"https:\/\/download.logo.wine\/logo\/APC_by_Schneider_Electric\/APC_by_Schneider_Electric-Logo.wine.png\" title=\"\" alt=\"\" loading=\"lazy\" \/>\t\t\t\t\t\t\t\t\t\t\t\t\t\t\t<\/div>\n\t\t\t\t<\/div>\n\t\t\t\t<\/div>\n\t\t\t\t\t<\/div>\n\t\t\t\t<\/div>\n\t\t\t\t<\/div>\n\t\t","protected":false},"excerpt":{"rendered":"<p>Solu\u00e7\u00f5es Empresariais Datacenters Cloud Computing Gest\u00e3o de Impress\u00e3o Energia Limpa Infraestruturas e Redes Controlo de Acessos Gest\u00e3o e Base de Dados Comunica\u00e7\u00f5es Unificadas Seguran\u00e7a Inform\u00e1tica Virtualiza\u00e7\u00e3o Energia Limpa Centro de dados As nossas solu\u00e7\u00f5es para centro de dados protegem e otimizam centro de dados e redes para arquiteturas de Cloud e de grandes volumes de [&hellip;]<\/p>\n","protected":false},"author":1,"featured_media":0,"parent":0,"menu_order":0,"comment_status":"closed","ping_status":"closed","template":"","meta":{"footnotes":""},"class_list":["post-739","page","type-page","status-publish","hentry"],"_links":{"self":[{"href":"https:\/\/dataserv-mz.com\/index.php\/wp-json\/wp\/v2\/pages\/739","targetHints":{"allow":["GET"]}}],"collection":[{"href":"https:\/\/dataserv-mz.com\/index.php\/wp-json\/wp\/v2\/pages"}],"about":[{"href":"https:\/\/dataserv-mz.com\/index.php\/wp-json\/wp\/v2\/types\/page"}],"author":[{"embeddable":true,"href":"https:\/\/dataserv-mz.com\/index.php\/wp-json\/wp\/v2\/users\/1"}],"replies":[{"embeddable":true,"href":"https:\/\/dataserv-mz.com\/index.php\/wp-json\/wp\/v2\/comments?post=739"}],"version-history":[{"count":73,"href":"https:\/\/dataserv-mz.com\/index.php\/wp-json\/wp\/v2\/pages\/739\/revisions"}],"predecessor-version":[{"id":2781,"href":"https:\/\/dataserv-mz.com\/index.php\/wp-json\/wp\/v2\/pages\/739\/revisions\/2781"}],"wp:attachment":[{"href":"https:\/\/dataserv-mz.com\/index.php\/wp-json\/wp\/v2\/media?parent=739"}],"curies":[{"name":"wp","href":"https:\/\/api.w.org\/{rel}","templated":true}]}}