{"id":744,"date":"2025-06-02T07:15:24","date_gmt":"2025-06-02T07:15:24","guid":{"rendered":"http:\/\/10.1.5.50\/dataservWeb\/?page_id=744"},"modified":"2025-10-22T08:51:51","modified_gmt":"2025-10-22T08:51:51","slug":"infraestrutura-e-redes","status":"publish","type":"page","link":"https:\/\/dataserv-mz.com\/index.php\/infraestrutura-e-redes\/","title":{"rendered":"Infraestrutura e Redes"},"content":{"rendered":"\t\t<div data-elementor-type=\"wp-page\" data-elementor-id=\"744\" class=\"elementor elementor-744\">\n\t\t\t\t<div class=\"elementor-element elementor-element-3ede285 e-flex e-con-boxed e-con e-parent\" data-id=\"3ede285\" data-element_type=\"container\" data-settings=\"{&quot;background_background&quot;:&quot;classic&quot;}\">\n\t\t\t\t\t<div class=\"e-con-inner\">\n\t\t\t\t<div class=\"elementor-element elementor-element-9b855f9 elementor-widget elementor-widget-heading\" data-id=\"9b855f9\" data-element_type=\"widget\" data-widget_type=\"heading.default\">\n\t\t\t\t<div class=\"elementor-widget-container\">\n\t\t\t\t\t<h2 class=\"elementor-heading-title elementor-size-default\">Solu\u00e7\u00f5es Empresariais<\/h2>\t\t\t\t<\/div>\n\t\t\t\t<\/div>\n\t\t\t\t<div class=\"elementor-element elementor-element-d8d3825 elementor-widget-divider--view-line elementor-widget elementor-widget-divider\" data-id=\"d8d3825\" data-element_type=\"widget\" data-widget_type=\"divider.default\">\n\t\t\t\t<div class=\"elementor-widget-container\">\n\t\t\t\t\t\t\t<div class=\"elementor-divider\">\n\t\t\t<span class=\"elementor-divider-separator\">\n\t\t\t\t\t\t<\/span>\n\t\t<\/div>\n\t\t\t\t\t\t<\/div>\n\t\t\t\t<\/div>\n\t\t<div class=\"elementor-element elementor-element-7059ff5 e-flex e-con-boxed e-con e-child\" data-id=\"7059ff5\" data-element_type=\"container\" data-settings=\"{&quot;background_background&quot;:&quot;classic&quot;}\">\n\t\t\t\t\t<div class=\"e-con-inner\">\n\t\t<div class=\"elementor-element elementor-element-e6f4c5a e-grid e-con-full e-con e-child\" data-id=\"e6f4c5a\" data-element_type=\"container\">\n\t\t<a class=\"elementor-element elementor-element-7984470 e-con-full e-flex e-con e-child\" data-id=\"7984470\" data-element_type=\"container\" href=\"https:\/\/dataserv-mz.com\/index.php\/solucoes-empresariais\/\">\n\t\t\t\t<div class=\"elementor-element elementor-element-b93e8e4 elementor-widget elementor-widget-heading\" data-id=\"b93e8e4\" data-element_type=\"widget\" data-widget_type=\"heading.default\">\n\t\t\t\t<div class=\"elementor-widget-container\">\n\t\t\t\t\t<h2 class=\"elementor-heading-title elementor-size-default\">Infraestruturas de Datacenter<\/h2>\t\t\t\t<\/div>\n\t\t\t\t<\/div>\n\t\t\t\t<\/a>\n\t\t<a class=\"elementor-element elementor-element-ab081ed e-con-full e-flex e-con e-child\" data-id=\"ab081ed\" data-element_type=\"container\" href=\"https:\/\/dataserv-mz.com\/index.php\/gestao-e-base-de-dados\/\">\n\t\t\t\t<div class=\"elementor-element elementor-element-3435044 elementor-widget elementor-widget-heading\" data-id=\"3435044\" data-element_type=\"widget\" data-widget_type=\"heading.default\">\n\t\t\t\t<div class=\"elementor-widget-container\">\n\t\t\t\t\t<h2 class=\"elementor-heading-title elementor-size-default\">Compute e Storage<\/h2>\t\t\t\t<\/div>\n\t\t\t\t<\/div>\n\t\t\t\t<\/a>\n\t\t<a class=\"elementor-element elementor-element-42599db e-con-full e-flex e-con e-child\" data-id=\"42599db\" data-element_type=\"container\" href=\"https:\/\/dataserv-mz.com\/index.php\/gestao-de-impressao\/\">\n\t\t\t\t<div class=\"elementor-element elementor-element-6ece703 elementor-widget elementor-widget-heading\" data-id=\"6ece703\" data-element_type=\"widget\" data-widget_type=\"heading.default\">\n\t\t\t\t<div class=\"elementor-widget-container\">\n\t\t\t\t\t<h2 class=\"elementor-heading-title elementor-size-default\">MPS - Gest\u00e3o de Impress\u00e3o<\/h2>\t\t\t\t<\/div>\n\t\t\t\t<\/div>\n\t\t\t\t<\/a>\n\t\t<a class=\"elementor-element elementor-element-938a197 e-con-full e-flex e-con e-child\" data-id=\"938a197\" data-element_type=\"container\" href=\"https:\/\/dataserv-mz.com\/index.php\/cloud-computing\/\">\n\t\t\t\t<div class=\"elementor-element elementor-element-9ed696c elementor-widget elementor-widget-heading\" data-id=\"9ed696c\" data-element_type=\"widget\" data-widget_type=\"heading.default\">\n\t\t\t\t<div class=\"elementor-widget-container\">\n\t\t\t\t\t<h2 class=\"elementor-heading-title elementor-size-default\">Co location e Hosting\n<\/h2>\t\t\t\t<\/div>\n\t\t\t\t<\/div>\n\t\t\t\t<\/a>\n\t\t<a class=\"elementor-element elementor-element-3103b47 e-con-full e-flex e-con e-child\" data-id=\"3103b47\" data-element_type=\"container\" href=\"https:\/\/dataserv-mz.com\/index.php\/infraestrutura-e-redes\/\">\n\t\t\t\t<div class=\"elementor-element elementor-element-4bb8e9c elementor-widget elementor-widget-heading\" data-id=\"4bb8e9c\" data-element_type=\"widget\" data-widget_type=\"heading.default\">\n\t\t\t\t<div class=\"elementor-widget-container\">\n\t\t\t\t\t<h2 class=\"elementor-heading-title elementor-size-default\">Redes e comunica\u00e7\u00f5es unificadas<\/h2>\t\t\t\t<\/div>\n\t\t\t\t<\/div>\n\t\t\t\t<\/a>\n\t\t<a class=\"elementor-element elementor-element-923e63d e-con-full e-flex e-con e-child\" data-id=\"923e63d\" data-element_type=\"container\">\n\t\t\t\t<div class=\"elementor-element elementor-element-81fe0ab elementor-widget elementor-widget-heading\" data-id=\"81fe0ab\" data-element_type=\"widget\" data-widget_type=\"heading.default\">\n\t\t\t\t<div class=\"elementor-widget-container\">\n\t\t\t\t\t<h2 class=\"elementor-heading-title elementor-size-default\">Rob\u00f3tica &amp; IA\n<\/h2>\t\t\t\t<\/div>\n\t\t\t\t<\/div>\n\t\t\t\t<\/a>\n\t\t<a class=\"elementor-element elementor-element-6ee266f e-con-full e-flex e-con e-child\" data-id=\"6ee266f\" data-element_type=\"container\">\n\t\t\t\t<div class=\"elementor-element elementor-element-85ba4ad elementor-widget elementor-widget-heading\" data-id=\"85ba4ad\" data-element_type=\"widget\" data-widget_type=\"heading.default\">\n\t\t\t\t<div class=\"elementor-widget-container\">\n\t\t\t\t\t<h2 class=\"elementor-heading-title elementor-size-default\">Sistemas de Gest\u00e3o Empresarial<\/h2>\t\t\t\t<\/div>\n\t\t\t\t<\/div>\n\t\t\t\t<\/a>\n\t\t<a class=\"elementor-element elementor-element-76aa6f3 e-con-full e-flex e-con e-child\" data-id=\"76aa6f3\" data-element_type=\"container\">\n\t\t\t\t<div class=\"elementor-element elementor-element-6fa7984 elementor-widget elementor-widget-heading\" data-id=\"6fa7984\" data-element_type=\"widget\" data-widget_type=\"heading.default\">\n\t\t\t\t<div class=\"elementor-widget-container\">\n\t\t\t\t\t<h2 class=\"elementor-heading-title elementor-size-default\">Office e Colabora\u00e7\u00e3o<\/h2>\t\t\t\t<\/div>\n\t\t\t\t<\/div>\n\t\t\t\t<\/a>\n\t\t<a class=\"elementor-element elementor-element-b194a4e e-con-full e-flex e-con e-child\" data-id=\"b194a4e\" data-element_type=\"container\" href=\"https:\/\/dataserv-mz.com\/index.php\/seguranca-informatica\/\">\n\t\t\t\t<div class=\"elementor-element elementor-element-68430d6 elementor-widget elementor-widget-heading\" data-id=\"68430d6\" data-element_type=\"widget\" data-widget_type=\"heading.default\">\n\t\t\t\t<div class=\"elementor-widget-container\">\n\t\t\t\t\t<h2 class=\"elementor-heading-title elementor-size-default\">Cybersecurity<\/h2>\t\t\t\t<\/div>\n\t\t\t\t<\/div>\n\t\t\t\t<\/a>\n\t\t<a class=\"elementor-element elementor-element-bf9f72c e-con-full e-flex e-con e-child\" data-id=\"bf9f72c\" data-element_type=\"container\">\n\t\t\t\t<div class=\"elementor-element elementor-element-5b050b1 elementor-widget elementor-widget-heading\" data-id=\"5b050b1\" data-element_type=\"widget\" data-widget_type=\"heading.default\">\n\t\t\t\t<div class=\"elementor-widget-container\">\n\t\t\t\t\t<h2 class=\"elementor-heading-title elementor-size-default\">Assist\u00eancia T\u00e9cnica e Helpdesk<\/h2>\t\t\t\t<\/div>\n\t\t\t\t<\/div>\n\t\t\t\t<\/a>\n\t\t\t\t<\/div>\n\t\t\t\t\t<\/div>\n\t\t\t\t<\/div>\n\t\t\t\t\t<\/div>\n\t\t\t\t<\/div>\n\t\t<div class=\"elementor-element elementor-element-db50f8e e-flex e-con-boxed e-con e-parent\" data-id=\"db50f8e\" data-element_type=\"container\">\n\t\t\t\t\t<div class=\"e-con-inner\">\n\t\t<div class=\"elementor-element elementor-element-48435a0 e-con-full e-flex e-con e-child\" data-id=\"48435a0\" data-element_type=\"container\">\n\t\t<div class=\"elementor-element elementor-element-457b03d e-con-full e-flex e-con e-child\" data-id=\"457b03d\" data-element_type=\"container\">\n\t\t\t\t<div class=\"elementor-element elementor-element-b3ff4d7 elementor-widget-divider--view-line elementor-widget elementor-widget-divider\" data-id=\"b3ff4d7\" data-element_type=\"widget\" data-widget_type=\"divider.default\">\n\t\t\t\t<div class=\"elementor-widget-container\">\n\t\t\t\t\t\t\t<div class=\"elementor-divider\">\n\t\t\t<span class=\"elementor-divider-separator\">\n\t\t\t\t\t\t<\/span>\n\t\t<\/div>\n\t\t\t\t\t\t<\/div>\n\t\t\t\t<\/div>\n\t\t\t\t<\/div>\n\t\t<div class=\"elementor-element elementor-element-57b53f4 e-con-full e-flex e-con e-child\" data-id=\"57b53f4\" data-element_type=\"container\">\n\t\t\t\t<div class=\"elementor-element elementor-element-a572bc8 elementor-widget elementor-widget-heading\" data-id=\"a572bc8\" data-element_type=\"widget\" data-widget_type=\"heading.default\">\n\t\t\t\t<div class=\"elementor-widget-container\">\n\t\t\t\t\t<h2 class=\"elementor-heading-title elementor-size-default\">Redes e comunica\u00e7\u00f5es unificadas<\/h2>\t\t\t\t<\/div>\n\t\t\t\t<\/div>\n\t\t\t\t<\/div>\n\t\t<div class=\"elementor-element elementor-element-2a94b9b e-con-full e-flex e-con e-child\" data-id=\"2a94b9b\" data-element_type=\"container\">\n\t\t\t\t<div class=\"elementor-element elementor-element-c081589 elementor-widget-divider--view-line elementor-widget elementor-widget-divider\" data-id=\"c081589\" data-element_type=\"widget\" data-widget_type=\"divider.default\">\n\t\t\t\t<div class=\"elementor-widget-container\">\n\t\t\t\t\t\t\t<div class=\"elementor-divider\">\n\t\t\t<span class=\"elementor-divider-separator\">\n\t\t\t\t\t\t<\/span>\n\t\t<\/div>\n\t\t\t\t\t\t<\/div>\n\t\t\t\t<\/div>\n\t\t\t\t<\/div>\n\t\t\t\t<\/div>\n\t\t\t\t\t<\/div>\n\t\t\t\t<\/div>\n\t\t<div class=\"elementor-element elementor-element-a0bcda3 e-flex e-con-boxed e-con e-parent\" data-id=\"a0bcda3\" data-element_type=\"container\">\n\t\t\t\t\t<div class=\"e-con-inner\">\n\t\t<div class=\"elementor-element elementor-element-f040e78 e-con-full e-flex e-con e-child\" data-id=\"f040e78\" data-element_type=\"container\" data-settings=\"{&quot;background_background&quot;:&quot;classic&quot;}\">\n\t\t\t\t<\/div>\n\t\t<div class=\"elementor-element elementor-element-b8321dd e-con-full e-flex e-con e-child\" data-id=\"b8321dd\" data-element_type=\"container\">\n\t\t\t\t<div class=\"elementor-element elementor-element-ab1fd4f elementor-widget elementor-widget-text-editor\" data-id=\"ab1fd4f\" data-element_type=\"widget\" data-widget_type=\"text-editor.default\">\n\t\t\t\t<div class=\"elementor-widget-container\">\n\t\t\t\t\t\t\t\t\t<p data-start=\"134\" data-end=\"350\">A velocidade e a confiabilidade s\u00e3o fatores essenciais para a comunica\u00e7\u00e3o e o funcionamento das redes de dados dentro das organiza\u00e7\u00f5es, especialmente \u00e0 medida que as empresas migram para sistemas baseados em nuvem.<\/p><p data-start=\"134\" data-end=\"350\">\u00a0<\/p><p data-start=\"352\" data-end=\"632\">A <strong data-start=\"354\" data-end=\"366\">Dataserv<\/strong> conta com uma gama de fornecedores de primeira classe para atender a todas as suas necessidades de rede, incluindo <strong data-start=\"482\" data-end=\"578\">conectividade, cabeamento, fibra \u00f3ptica, seguran\u00e7a aninhada, UTM, roteamento e redes sem fio<\/strong>, garantindo solu\u00e7\u00f5es robustas e de alto desempenho.<\/p><p data-start=\"352\" data-end=\"632\">\u00a0<\/p><p data-start=\"634\" data-end=\"973\">Al\u00e9m disso, oferecemos solu\u00e7\u00f5es de <strong data-start=\"669\" data-end=\"696\">Comunica\u00e7\u00f5es Unificadas<\/strong>, que integram diversos servi\u00e7os de comunica\u00e7\u00e3o empresarial em tempo real.<\/p><p data-start=\"634\" data-end=\"973\">\u00a0<\/p><p data-start=\"975\" data-end=\"1191\">As Comunica\u00e7\u00f5es Unificadas proporcionam uma <strong data-start=\"1019\" data-end=\"1079\">interface e experi\u00eancia de uso consistentes e integradas<\/strong> em m\u00faltiplos dispositivos e tipos de m\u00eddia, otimizando a colabora\u00e7\u00e3o e a produtividade dentro das organiza\u00e7\u00f5es.<\/p>\t\t\t\t\t\t\t\t<\/div>\n\t\t\t\t<\/div>\n\t\t\t\t<\/div>\n\t\t\t\t\t<\/div>\n\t\t\t\t<\/div>\n\t\t\t\t<\/div>\n\t\t","protected":false},"excerpt":{"rendered":"<p>Solu\u00e7\u00f5es Empresariais Infraestruturas de Datacenter Compute e Storage MPS &#8211; Gest\u00e3o de Impress\u00e3o Co location e Hosting Redes e comunica\u00e7\u00f5es unificadas Rob\u00f3tica &#038; IA Sistemas de Gest\u00e3o Empresarial Office e Colabora\u00e7\u00e3o Cybersecurity Assist\u00eancia T\u00e9cnica e Helpdesk Redes e comunica\u00e7\u00f5es unificadas A velocidade e a confiabilidade s\u00e3o fatores essenciais para a comunica\u00e7\u00e3o e o funcionamento das [&hellip;]<\/p>\n","protected":false},"author":1,"featured_media":0,"parent":0,"menu_order":0,"comment_status":"closed","ping_status":"closed","template":"","meta":{"footnotes":""},"class_list":["post-744","page","type-page","status-publish","hentry"],"_links":{"self":[{"href":"https:\/\/dataserv-mz.com\/index.php\/wp-json\/wp\/v2\/pages\/744","targetHints":{"allow":["GET"]}}],"collection":[{"href":"https:\/\/dataserv-mz.com\/index.php\/wp-json\/wp\/v2\/pages"}],"about":[{"href":"https:\/\/dataserv-mz.com\/index.php\/wp-json\/wp\/v2\/types\/page"}],"author":[{"embeddable":true,"href":"https:\/\/dataserv-mz.com\/index.php\/wp-json\/wp\/v2\/users\/1"}],"replies":[{"embeddable":true,"href":"https:\/\/dataserv-mz.com\/index.php\/wp-json\/wp\/v2\/comments?post=744"}],"version-history":[{"count":56,"href":"https:\/\/dataserv-mz.com\/index.php\/wp-json\/wp\/v2\/pages\/744\/revisions"}],"predecessor-version":[{"id":3197,"href":"https:\/\/dataserv-mz.com\/index.php\/wp-json\/wp\/v2\/pages\/744\/revisions\/3197"}],"wp:attachment":[{"href":"https:\/\/dataserv-mz.com\/index.php\/wp-json\/wp\/v2\/media?parent=744"}],"curies":[{"name":"wp","href":"https:\/\/api.w.org\/{rel}","templated":true}]}}